{"id":1214,"date":"2020-04-02T21:37:48","date_gmt":"2020-04-03T00:37:48","guid":{"rendered":"https:\/\/ispcelli-cha.infd.edu.ar\/sitio\/?page_id=1214"},"modified":"2020-04-03T14:17:51","modified_gmt":"2020-04-03T17:17:51","slug":"noticias-generales","status":"publish","type":"page","link":"https:\/\/ispcelli-cha.infd.edu.ar\/sitio\/noticias-generales\/","title":{"rendered":"NOTICIAS GENERALES"},"content":{"rendered":"<style>.wp-show-posts-columns#wpsp-383 {margin-left: -2em; }.wp-show-posts-columns#wpsp-383 .wp-show-posts-inner {margin: 0 0 2em 2em; }<\/style><section id=\"wpsp-383\" class=\" wp-show-posts-columns wp-show-posts\" style=\"\"><article class=\" wp-show-posts-single post-1247 post type-post status-publish format-standard hentry category-noticias wpsp-col-4\" itemtype=\"http:\/\/schema.org\/CreativeWork\" itemscope><div class=\"wp-show-posts-inner\" style=\"\">\t\t\t\t\t\t<header class=\"wp-show-posts-entry-header\">\n\t\t\t\t\t\t\t<h2 class=\"wp-show-posts-entry-title\" itemprop=\"headline\"><a href=\"https:\/\/ispcelli-cha.infd.edu.ar\/sitio\/de-wuhan-al-mundo\/\" rel=\"bookmark\">De Wuhan al Mundo-Realizada por los estudiantes del 3er A\u00f1o del Prof. en Geograf\u00eda.<\/a><\/h2>\t\t\t\t\t\t<\/header><!-- .entry-header -->\n\t\t\t\t\t\t\t\t\t\t\t<div class=\"wp-show-posts-entry-summary\" itemprop=\"text\">\n\t\t\t\t\t\t\t<p>En este tiempo extra\u00f1o, las sociedades se ven sorprendidas y amenazadas por un enemigo com\u00fan y silencioso que pone a prueba muchas de nuestras seguridades y somete a pa\u00edses enteros&#8230;<\/p>\n\t\t\t\t\t\t<\/div><!-- .entry-summary -->\n\t\t\t\t\t<\/div><!-- wp-show-posts-inner --><\/article><article class=\" wp-show-posts-single post-1235 post type-post status-publish format-standard hentry category-noticias wpsp-col-4\" itemtype=\"http:\/\/schema.org\/CreativeWork\" itemscope><div class=\"wp-show-posts-inner\" style=\"\">\t\t\t\t\t\t<header class=\"wp-show-posts-entry-header\">\n\t\t\t\t\t\t\t<h2 class=\"wp-show-posts-entry-title\" itemprop=\"headline\"><a href=\"https:\/\/ispcelli-cha.infd.edu.ar\/sitio\/educacion-superior-becas-para-estudiantes-de-carreras-universitarias-o-terciarias\/\" rel=\"bookmark\">Educaci\u00f3n superior.  Becas para estudiantes de carreras universitarias o terciarias<\/a><\/h2>\t\t\t\t\t\t<\/header><!-- .entry-header -->\n\t\t\t\t\t\t\t\t\t\t\t<div class=\"wp-show-posts-entry-summary\" itemprop=\"text\">\n\t\t\t\t\t\t\t<p>Para estudiantes de carreras universitarias o terciarias Las becas aumentan a medida que los estudiantes avanzan en sus carreras con montos especiales para fomentar el estudio de \u00e1reas estrat\u00e9gicas para&#8230;<\/p>\n\t\t\t\t\t\t<\/div><!-- .entry-summary -->\n\t\t\t\t\t<\/div><!-- wp-show-posts-inner --><\/article><article class=\" wp-show-posts-single post-985 post type-post status-publish format-link hentry category-noticias-noticias category-sin-categoria post_format-post-format-link wpsp-col-4\" itemtype=\"http:\/\/schema.org\/CreativeWork\" itemscope><div class=\"wp-show-posts-inner\" style=\"\">\t\t\t\t\t\t<header class=\"wp-show-posts-entry-header\">\n\t\t\t\t\t\t\t<h2 class=\"wp-show-posts-entry-title\" itemprop=\"headline\"><a href=\"https:\/\/ispcelli-cha.infd.edu.ar\/sitio\/importante-inscripcion-a-becas\/\" rel=\"bookmark\">Importante INSCRIPCI\u00d3N A BECAS<\/a><\/h2>\t\t\t\t\t\t<\/header><!-- .entry-header -->\n\t\t\t\t\t\t\t\t\t\t\t<div class=\"wp-show-posts-entry-summary\" itemprop=\"text\">\n\t\t\t\t\t\t\t<p>\u00a0Inscripci\u00f3n para\u00a0becas 2020\u00a0para los estudiantes de\u00a0educaci\u00f3n superior\u00a0la inscripci\u00f3n es \u00fanicamente on line a trav\u00e9s de\u00a0https:\/\/progresar.educacion.gob.ar\/ Se\u00a0prorrog\u00f3 el periodo de inscripci\u00f3n\u00a0al\u00a0progresar\u00a0\u00a0SOLO\u00a0de los miembros del grupo de vulnerabilidad multidimensional integrantes de\u00a0comunidades ind\u00edgenas&#8230;<\/p>\n\t\t\t\t\t\t<\/div><!-- .entry-summary -->\n\t\t\t\t\t<\/div><!-- wp-show-posts-inner --><\/article><div class=\"wpsp-clear\"><\/div><\/section><!-- .wp-show-posts -->\n","protected":false},"excerpt":{"rendered":"","protected":false},"author":195,"featured_media":0,"parent":0,"menu_order":0,"comment_status":"closed","ping_status":"closed","template":"","meta":[],"acf":[],"_links":{"self":[{"href":"https:\/\/ispcelli-cha.infd.edu.ar\/sitio\/wp-json\/wp\/v2\/pages\/1214"}],"collection":[{"href":"https:\/\/ispcelli-cha.infd.edu.ar\/sitio\/wp-json\/wp\/v2\/pages"}],"about":[{"href":"https:\/\/ispcelli-cha.infd.edu.ar\/sitio\/wp-json\/wp\/v2\/types\/page"}],"author":[{"embeddable":true,"href":"https:\/\/ispcelli-cha.infd.edu.ar\/sitio\/wp-json\/wp\/v2\/users\/195"}],"replies":[{"embeddable":true,"href":"https:\/\/ispcelli-cha.infd.edu.ar\/sitio\/wp-json\/wp\/v2\/comments?post=1214"}],"version-history":[{"count":2,"href":"https:\/\/ispcelli-cha.infd.edu.ar\/sitio\/wp-json\/wp\/v2\/pages\/1214\/revisions"}],"predecessor-version":[{"id":1225,"href":"https:\/\/ispcelli-cha.infd.edu.ar\/sitio\/wp-json\/wp\/v2\/pages\/1214\/revisions\/1225"}],"wp:attachment":[{"href":"https:\/\/ispcelli-cha.infd.edu.ar\/sitio\/wp-json\/wp\/v2\/media?parent=1214"}],"curies":[{"name":"wp","href":"https:\/\/api.w.org\/{rel}","templated":true}]}}