{"id":1287,"date":"2020-05-19T22:40:59","date_gmt":"2020-05-20T01:40:59","guid":{"rendered":"https:\/\/ispcelli-cha.infd.edu.ar\/sitio\/?page_id=1287"},"modified":"2020-05-20T23:25:41","modified_gmt":"2020-05-21T02:25:41","slug":"producciones","status":"publish","type":"page","link":"https:\/\/ispcelli-cha.infd.edu.ar\/sitio\/producciones\/","title":{"rendered":"PRODUCCIONES"},"content":{"rendered":"<p>A lo largo del ciclo lectivo los estudiantes realizan diferentes Producciones Acad\u00e9micas como resultado del trabajo pedag\u00f3gico al interior de cada Unidad Curricular: Monograf\u00edas, Trabajos de Investigaci\u00f3n,\u00a0 Memorias, Informes etc&#8230; entre ellos encontramos las Producciones\u00a0 Audiovisuales que aqu\u00ed compartimos<\/p>\n<hr \/>\n<p><iframe loading=\"lazy\" width=\"1200\" height=\"675\" src=\"https:\/\/www.youtube.com\/embed\/MK2Ep6cJRMY?feature=oembed\" frameborder=\"0\" allow=\"accelerometer; autoplay; encrypted-media; gyroscope; picture-in-picture\" allowfullscreen><\/iframe><\/p>\n<p><strong>De Wuhan al Mundo-Realizada por los estudiantes del 3er A\u00f1o del Prof. en Geograf\u00eda.\u00a0\u00a0Abril 2020-\u00a0<\/strong><\/p>\n<p>&nbsp;<\/p>\n<p>&nbsp;<\/p>\n<p>&nbsp;<\/p>\n","protected":false},"excerpt":{"rendered":"<p>A lo largo del ciclo lectivo los estudiantes realizan diferentes Producciones Acad\u00e9micas como resultado del trabajo pedag\u00f3gico al interior de cada Unidad Curricular: Monograf\u00edas, Trabajos de Investigaci\u00f3n,\u00a0 Memorias, Informes etc&#8230; entre ellos encontramos las Producciones\u00a0 Audiovisuales que aqu\u00ed compartimos De Wuhan al Mundo-Realizada por los estudiantes del 3er A\u00f1o del Prof. en Geograf\u00eda.\u00a0\u00a0Abril 2020-\u00a0 &nbsp; &#8230; <a title=\"PRODUCCIONES\" class=\"read-more\" href=\"https:\/\/ispcelli-cha.infd.edu.ar\/sitio\/producciones\/\" aria-label=\"More on PRODUCCIONES\">[+]<\/a><\/p>\n","protected":false},"author":195,"featured_media":0,"parent":0,"menu_order":0,"comment_status":"closed","ping_status":"closed","template":"","meta":[],"acf":[],"_links":{"self":[{"href":"https:\/\/ispcelli-cha.infd.edu.ar\/sitio\/wp-json\/wp\/v2\/pages\/1287"}],"collection":[{"href":"https:\/\/ispcelli-cha.infd.edu.ar\/sitio\/wp-json\/wp\/v2\/pages"}],"about":[{"href":"https:\/\/ispcelli-cha.infd.edu.ar\/sitio\/wp-json\/wp\/v2\/types\/page"}],"author":[{"embeddable":true,"href":"https:\/\/ispcelli-cha.infd.edu.ar\/sitio\/wp-json\/wp\/v2\/users\/195"}],"replies":[{"embeddable":true,"href":"https:\/\/ispcelli-cha.infd.edu.ar\/sitio\/wp-json\/wp\/v2\/comments?post=1287"}],"version-history":[{"count":11,"href":"https:\/\/ispcelli-cha.infd.edu.ar\/sitio\/wp-json\/wp\/v2\/pages\/1287\/revisions"}],"predecessor-version":[{"id":1328,"href":"https:\/\/ispcelli-cha.infd.edu.ar\/sitio\/wp-json\/wp\/v2\/pages\/1287\/revisions\/1328"}],"wp:attachment":[{"href":"https:\/\/ispcelli-cha.infd.edu.ar\/sitio\/wp-json\/wp\/v2\/media?parent=1287"}],"curies":[{"name":"wp","href":"https:\/\/api.w.org\/{rel}","templated":true}]}}