{"id":2340,"date":"2021-10-25T10:16:49","date_gmt":"2021-10-25T13:16:49","guid":{"rendered":"https:\/\/ispcelli-cha.infd.edu.ar\/sitio\/?page_id=2340"},"modified":"2026-04-07T13:19:00","modified_gmt":"2026-04-07T16:19:00","slug":"profesorado-de-educacion-superior-en-educacion-especial-con-orientacion-en-sordos-e-hipoacusicos","status":"publish","type":"page","link":"https:\/\/ispcelli-cha.infd.edu.ar\/sitio\/profesorado-de-educacion-superior-en-educacion-especial-con-orientacion-en-sordos-e-hipoacusicos\/","title":{"rendered":"Profesorado  de Educaci\u00f3n  Especial"},"content":{"rendered":"\n<p><strong>&nbsp;Finalidades formativas de la carrera<\/strong>: &nbsp;<\/p>\n\n\n\n<p>Se pretende que los  <strong>Profesores de Educaci\u00f3n Superior en Educaci\u00f3n Especial con orientaci\u00f3n en Sordos e Hipoac\u00fasicos<\/strong> puedan:<\/p>\n\n\n\n<p>\u2022 Desempe\u00f1arse como maestro de grado en las escuelas de educaci\u00f3n especial para ni\u00f1os, j\u00f3venes y adultos sordos del \u00e1mbito estatal o privado, en las escuelas de atenci\u00f3n m\u00faltiple.<\/p>\n\n\n\n<p>\u2022 Desempe\u00f1arse como maestro\/profesor de apoyo a la integraci\u00f3n, propiciando la inclusi\u00f3n educativa y siendo soporte de los procesos de integraci\u00f3n escolar, asesorando y orientando a las instituciones educativas en los distintos niveles educativos. Por otra parte es necesidad de la jurisdicci\u00f3n que la carrera proponga una formaci\u00f3n superior que permita al egresado ser formador de los futuros docentes de sujetos sordos en las c\u00e1tedras que necesiten su perfil y conocimiento con solvencia profesional y competencia acad\u00e9mica.<\/p>\n\n\n\n<p>\u2022 Desenvolverse como formador de los espacios espec\u00edficos de los profesorados de educaci\u00f3n especial con orientaci\u00f3n en Sordos e Hipoac\u00fasico.<\/p>\n\n\n\n<p> <\/p>\n","protected":false},"excerpt":{"rendered":"<p>&nbsp;Finalidades formativas de la carrera: &nbsp; Se pretende que los Profesores de Educaci\u00f3n Superior en Educaci\u00f3n Especial con orientaci\u00f3n en Sordos e Hipoac\u00fasicos puedan: \u2022 Desempe\u00f1arse como maestro de grado en las escuelas de educaci\u00f3n especial para ni\u00f1os, j\u00f3venes y adultos sordos del \u00e1mbito estatal o privado, en las escuelas de atenci\u00f3n m\u00faltiple. \u2022 Desempe\u00f1arse &#8230; <a title=\"Profesorado  de Educaci\u00f3n  Especial\" class=\"read-more\" href=\"https:\/\/ispcelli-cha.infd.edu.ar\/sitio\/profesorado-de-educacion-superior-en-educacion-especial-con-orientacion-en-sordos-e-hipoacusicos\/\" aria-label=\"More on Profesorado  de Educaci\u00f3n  Especial\">[+]<\/a><\/p>\n","protected":false},"author":302,"featured_media":0,"parent":0,"menu_order":0,"comment_status":"closed","ping_status":"closed","template":"","meta":[],"acf":[],"_links":{"self":[{"href":"https:\/\/ispcelli-cha.infd.edu.ar\/sitio\/wp-json\/wp\/v2\/pages\/2340"}],"collection":[{"href":"https:\/\/ispcelli-cha.infd.edu.ar\/sitio\/wp-json\/wp\/v2\/pages"}],"about":[{"href":"https:\/\/ispcelli-cha.infd.edu.ar\/sitio\/wp-json\/wp\/v2\/types\/page"}],"author":[{"embeddable":true,"href":"https:\/\/ispcelli-cha.infd.edu.ar\/sitio\/wp-json\/wp\/v2\/users\/302"}],"replies":[{"embeddable":true,"href":"https:\/\/ispcelli-cha.infd.edu.ar\/sitio\/wp-json\/wp\/v2\/comments?post=2340"}],"version-history":[{"count":3,"href":"https:\/\/ispcelli-cha.infd.edu.ar\/sitio\/wp-json\/wp\/v2\/pages\/2340\/revisions"}],"predecessor-version":[{"id":4112,"href":"https:\/\/ispcelli-cha.infd.edu.ar\/sitio\/wp-json\/wp\/v2\/pages\/2340\/revisions\/4112"}],"wp:attachment":[{"href":"https:\/\/ispcelli-cha.infd.edu.ar\/sitio\/wp-json\/wp\/v2\/media?parent=2340"}],"curies":[{"name":"wp","href":"https:\/\/api.w.org\/{rel}","templated":true}]}}