{"id":2974,"date":"2023-06-07T00:40:13","date_gmt":"2023-06-07T03:40:13","guid":{"rendered":"https:\/\/ispcelli-cha.infd.edu.ar\/sitio\/?page_id=2974"},"modified":"2023-06-07T23:22:01","modified_gmt":"2023-06-08T02:22:01","slug":"preguntas-frecuentes","status":"publish","type":"page","link":"https:\/\/ispcelli-cha.infd.edu.ar\/sitio\/postitulos-2\/preguntas-frecuentes\/","title":{"rendered":"Actualizaci\u00f3n Acad\u00e9mica en el \u00abRol Docente y los Desaf\u00edos de la Ense\u00f1anza de la Matem\u00e1tica\u00bb-2023"},"content":{"rendered":"\n<p class=\"has-accent-color has-text-color\"><strong><em><\/em><\/strong><\/p>\n\n\n\n<p><strong>PREGUNTAS FRECUENTES<\/strong><\/p>\n\n\n\n<ol>\n<li><strong>Instituto Oferente: IES Padre Dante Dar\u00edo Celli.&nbsp; Las Palmas, Chaco.<\/strong><\/li>\n\n\n\n<li><strong>\u00bfD\u00f3nde puedo solicitar informaci\u00f3n sobre \u00e9sta Actualizaci\u00f3n Acad\u00e9mica?<\/strong><\/li>\n<\/ol>\n\n\n\n<ul>\n<li>correo electr\u00f3nico: <a href=\"actualizacionacad.matematica@gmail.com\" data-type=\"URL\" data-id=\"actualizacionacad.matematica@gmail.com\">actualizacionacad.matematica@gmail.com<\/a><\/li>\n\n\n\n<li>P\u00e1gina del IES: <a href=\"https:\/\/ispcelli-cha.infd.edu.ar\/sitio\/\">https:\/\/ispcelli-cha.infd.edu.ar\/sitio\/<\/a><\/li>\n\n\n\n<li>RRSS:<a href=\"https:\/\/www.facebook.com\/dantedariocelli.ies?mibextid=ZbWKwL\">Facebook Oficial &#8211; IES Padre Dante Dar\u00edo Celli<\/a><\/li>\n<\/ul>\n\n\n\n<ol start=\"3\">\n<li><strong>\u00bfQu\u00e9 puntaje otorga?<\/strong>   \n<ul>\n<li>Otorga: 3 puntos en todos los niveles y modalidades de educaci\u00f3n.<\/li>\n<\/ul>\n\n\n\n<ul>\n<li><\/li>\n\n\n\n<li><\/li>\n<\/ul>\n<\/li>\n<\/ol>\n\n\n\n<ol start=\"4\">\n<li><strong>La Actualizaci\u00f3n \u00bfCuenta con Resoluci\u00f3n Ministerial?<\/strong><\/li>\n<\/ol>\n\n\n\n<ul>\n<li>Si, es la Resoluci\u00f3n N\u00b0: RES -2023-1714-29-1655<\/li>\n<\/ul>\n\n\n\n<ol start=\"5\">\n<li><strong>\u00bfEn qu\u00e9 consiste la propuesta?<\/strong><\/li>\n<\/ol>\n\n\n\n<ul>\n<li>La actualizaci\u00f3n ofrece un \u00e1mbito de reflexi\u00f3n sobre la ense\u00f1anza y el aprendizaje de la matem\u00e1tica en los distintos niveles de educaci\u00f3n, de modo tal que podamos pensar en forma conjunta y colaborativamente, qu\u00e9 implica ense\u00f1ar matem\u00e1tica y qu\u00e9 implica aprenderla, en cada nivel educativo. En este sentido la propuesta, gira en torno a la necesidad de analizar distintas formas de \u201chacer matem\u00e1tica\u201d en las aulas de las escuelas, en concordancia con lo expresado en los N\u00facleos de Aprendizaje Prioritarios y dise\u00f1os curriculares de la jurisdicci\u00f3n y a partir de all\u00ed, problematizar nuestro rol, como docente que \u201c<em>ense\u00f1a matem\u00e1tica<\/em>\u201d y los desaf\u00edos que dicha ense\u00f1anza implica. <\/li>\n\n\n\n<li>Consta de un total de doscientos diez (210) horas reloj, distribuidas en cinco (5) m\u00f3dulos.<\/li>\n<\/ul>\n\n\n\n<ol start=\"6\">\n<li><strong>\u00bfCu\u00e1les son los turnos y horarios de cursada?<\/strong><\/li>\n<\/ol>\n\n\n\n<ul>\n<li>El cursado es 100% virtual y asincr\u00f3nico.<\/li>\n<\/ul>\n\n\n\n<ol start=\"7\">\n<li><strong>\u00bfQui\u00e9nes son los destinatarios de la propuesta?<\/strong><\/li>\n<\/ol>\n\n\n\n<ul>\n<li>El Post\u00edtulo est\u00e1 destinado a Docentes de todos los niveles y modalidades.<\/li>\n<\/ul>\n\n\n\n<ol start=\"8\">\n<li><strong>\u00bfT\u00edtulo que otorga?<\/strong>&nbsp;<\/li>\n<\/ol>\n\n\n\n<ul>\n<li>\u201cActualizaci\u00f3n Acad\u00e9mica en el Rol Docente y los Desaf\u00edos de la Ense\u00f1anza de la Matem\u00e1tica\u00bb &#8211; Titulo Provincial<\/li>\n<\/ul>\n\n\n\n<ol start=\"9\">\n<li><strong>\u00bfCu\u00e1les son los requisitos de inscripci\u00f3n a la actualizaci\u00f3n acad\u00e9mica?<\/strong><\/li>\n<\/ol>\n\n\n\n<ul>\n<li>Requisitos:\u00a0Poseer t\u00edtulo docente<\/li>\n<\/ul>\n\n\n\n<ol start=\"10\">\n<li><strong>\u00bfC\u00f3mo me inscribo en la actualizaci\u00f3n acad\u00e9mica?<\/strong><\/li>\n<\/ol>\n\n\n\n<ul>\n<li>Enlace de inscripci\u00f3n:\u00a0<a href=\"https:\/\/forms.gle\/wf9AhvNEME75CnvJ7\">https:\/\/forms.gle\/wf9AhvNEME75CnvJ7<\/a><\/li>\n<\/ul>\n\n\n\n<ol start=\"11\">\n<li><strong>\u00bfD\u00f3nde env\u00edo la documentaci\u00f3n para la inscripci\u00f3n?<\/strong><\/li>\n<\/ol>\n\n\n\n<ul>\n<li>Correo: <a href=\"mailto:actualizacionacad.matematica@gmail.com\">actualizacionacad.matematica@gmail.com<\/a><\/li>\n<\/ul>\n\n\n\n<ol start=\"12\">\n<li><strong>\u00bfQu\u00e9 costo tiene la actualizaci\u00f3n?&nbsp;<\/strong><\/li>\n<\/ol>\n\n\n\n<ul>\n<li>El costo del post\u00edtulo consta de una inscripci\u00f3n de $1500 y 6 cuotas de $3000 a pagarse del 1 al 10 de cada mes.<\/li>\n<\/ul>\n\n\n\n<ol start=\"13\">\n<li><strong>\u00bfCu\u00e1les son los medios de pago?<\/strong><\/li>\n<\/ol>\n\n\n\n<ul>\n<li>El pago se puede realizar en forma presencial en el IES de lunes a viernes en horario  de hs 16:00 a 19:00<\/li>\n<\/ul>\n\n\n\n<ul>\n<li>Podr\u00e1n realizar el pago mediante transferencia bancaria a\u00a0 la cuenta cuyos datos les ser\u00e1n enviados por mensajer\u00eda interna, en forma particular. Importante:\u00a0 controlar antes de realizar la operaci\u00f3n bancaria.<\/li>\n<\/ul>\n\n\n\n<ol start=\"14\">\n<li><strong>\u00bfCu\u00e1ndo inicia el cursado de la actualizaci\u00f3n?<\/strong><\/li>\n<\/ol>\n\n\n\n<ul>\n<li>Fecha de inicio: 21\/06\/23<\/li>\n<\/ul>\n\n\n\n<ol start=\"15\">\n<li><strong>\u00bfCu\u00e1l es la duraci\u00f3n de la actualizaci\u00f3n acad\u00e9mica?<\/strong><\/li>\n<\/ol>\n\n\n\n<ul>\n<li>Duraci\u00f3n: 6 meses<\/li>\n<\/ul>\n\n\n\n<ol start=\"16\">\n<li><strong>\u00bfC\u00f3mo accedo al aula virtual?<\/strong><\/li>\n<\/ol>\n\n\n\n<ul>\n<li>Enlace de acceso al aula virtual:&nbsp;<\/li>\n<\/ul>\n\n\n\n<ol start=\"17\">\n<li><strong>\u00bfQu\u00e9 gestiones debo realizar si soy extranjero?<\/strong><\/li>\n<\/ol>\n\n\n\n<ul>\n<li>Si eres extranjero, no debes realizar ninguna gesti\u00f3n, s\u00f3lo debes tener en cuenta que la valoraci\u00f3n de la propuesta (puntaje), m\u00e1s all\u00e1 de la extensi\u00f3n del certificado, es para docentes dependientes del MECCyT de la Rep\u00fablica Argentina.<\/li>\n<\/ul>\n","protected":false},"excerpt":{"rendered":"<p>PREGUNTAS FRECUENTES<\/p>\n","protected":false},"author":305,"featured_media":0,"parent":2949,"menu_order":0,"comment_status":"closed","ping_status":"closed","template":"","meta":[],"acf":[],"_links":{"self":[{"href":"https:\/\/ispcelli-cha.infd.edu.ar\/sitio\/wp-json\/wp\/v2\/pages\/2974"}],"collection":[{"href":"https:\/\/ispcelli-cha.infd.edu.ar\/sitio\/wp-json\/wp\/v2\/pages"}],"about":[{"href":"https:\/\/ispcelli-cha.infd.edu.ar\/sitio\/wp-json\/wp\/v2\/types\/page"}],"author":[{"embeddable":true,"href":"https:\/\/ispcelli-cha.infd.edu.ar\/sitio\/wp-json\/wp\/v2\/users\/305"}],"replies":[{"embeddable":true,"href":"https:\/\/ispcelli-cha.infd.edu.ar\/sitio\/wp-json\/wp\/v2\/comments?post=2974"}],"version-history":[{"count":12,"href":"https:\/\/ispcelli-cha.infd.edu.ar\/sitio\/wp-json\/wp\/v2\/pages\/2974\/revisions"}],"predecessor-version":[{"id":3019,"href":"https:\/\/ispcelli-cha.infd.edu.ar\/sitio\/wp-json\/wp\/v2\/pages\/2974\/revisions\/3019"}],"up":[{"embeddable":true,"href":"https:\/\/ispcelli-cha.infd.edu.ar\/sitio\/wp-json\/wp\/v2\/pages\/2949"}],"wp:attachment":[{"href":"https:\/\/ispcelli-cha.infd.edu.ar\/sitio\/wp-json\/wp\/v2\/media?parent=2974"}],"curies":[{"name":"wp","href":"https:\/\/api.w.org\/{rel}","templated":true}]}}