{"id":644,"date":"2018-06-18T14:12:35","date_gmt":"2018-06-18T17:12:35","guid":{"rendered":"https:\/\/ispcelli-cha.infd.edu.ar\/sitio\/?page_id=644"},"modified":"2020-10-16T11:31:30","modified_gmt":"2020-10-16T14:31:30","slug":"catalogo","status":"publish","type":"page","link":"https:\/\/ispcelli-cha.infd.edu.ar\/sitio\/catalogo\/","title":{"rendered":"r\u00e9gimen de Correlatividades-Primaria"},"content":{"rendered":"<p><!-- Para que el el iframe sea visible para usuarios no logueados, el catalogo debe ser p\u00fablico en el campus. Para configurarlo ir a la administraci\u00f3n del campus: Catalogo > Configuraci\u00f3n, y destildar la opci\u00f3n \"Cat\u00e1logo privado\"\n--><\/p>\n<p><strong>CORRELATIVIDADES:\u00a0<\/strong>El alumno deber\u00e1 cumplir, para el cursado y acreditaci\u00f3n de las unidades curriculares, con el R\u00e9gimen de Correlatividades establecido en los dise\u00f1os o en norma complementaria al plan de estudios correspondiente.<\/p>\n<p>La acreditaci\u00f3n de una unidad curricular sin correlatividad aprobada quedar\u00e1 autom\u00e1ticamente anulada hasta se constate la finalizaci\u00f3n del proceso propuesto. (<strong>REGLAMENTO ACAD\u00c9MICO MARCO \u2013 R.A.M.\u00a0<\/strong><b>DE LOS INSTITUTOS DE EDUCACI\u00d3N\u00a0SUPERIOR DE LA PROVINCIA DEL CHACO)\u00a0<\/b><\/p>\n<p><strong>Si desea descargar el\u00a0 R\u00e9gimen de Correlatividades\u00a0 haga clic en el siguiente enlace:<\/strong><\/p>\n<div  class=\"lgc-column lgc-grid-parent lgc-grid-50 lgc-tablet-grid-50 lgc-mobile-grid-50 lgc-equal-heights \"><div  class=\"inside-grid-column\">\n<p><a href=\"https:\/\/ispcelli-cha.infd.edu.ar\/sitio\/wp-content\/uploads\/2020\/10\/RESOLUCION-8801-11-Prof.-Primario-Plan-Viejo-.pdf\">RESOLUCION-8801-11 Prof. Primario Plan Viejo-<\/a><\/p>\n<p><\/p><\/div><\/div>\n<div  class=\"lgc-column lgc-grid-parent lgc-grid-50 lgc-tablet-grid-50 lgc-mobile-grid-50 lgc-equal-heights \"><div  class=\"inside-grid-column\">\n<p><a href=\"https:\/\/ispcelli-cha.infd.edu.ar\/sitio\/wp-content\/uploads\/2020\/03\/RES-_2025-16_Corre_Primaria.pdf\">RES-_2025-16_Corre_Primaria<\/a><\/p>\n<p><\/p><\/div><\/div>\n<p>&nbsp;<\/p>\n<p>&nbsp;<\/p>\n","protected":false},"excerpt":{"rendered":"<p>CORRELATIVIDADES:\u00a0El alumno deber\u00e1 cumplir, para el cursado y acreditaci\u00f3n de las unidades curriculares, con el R\u00e9gimen de Correlatividades establecido en los dise\u00f1os o en norma complementaria al plan de estudios correspondiente. La acreditaci\u00f3n de una unidad curricular sin correlatividad aprobada quedar\u00e1 autom\u00e1ticamente anulada hasta se constate la finalizaci\u00f3n del proceso propuesto. (REGLAMENTO ACAD\u00c9MICO MARCO \u2013 &#8230; <a title=\"r\u00e9gimen de Correlatividades-Primaria\" class=\"read-more\" href=\"https:\/\/ispcelli-cha.infd.edu.ar\/sitio\/catalogo\/\" aria-label=\"More on r\u00e9gimen de Correlatividades-Primaria\">[+]<\/a><\/p>\n","protected":false},"author":1,"featured_media":0,"parent":0,"menu_order":0,"comment_status":"closed","ping_status":"closed","template":"","meta":[],"acf":[],"_links":{"self":[{"href":"https:\/\/ispcelli-cha.infd.edu.ar\/sitio\/wp-json\/wp\/v2\/pages\/644"}],"collection":[{"href":"https:\/\/ispcelli-cha.infd.edu.ar\/sitio\/wp-json\/wp\/v2\/pages"}],"about":[{"href":"https:\/\/ispcelli-cha.infd.edu.ar\/sitio\/wp-json\/wp\/v2\/types\/page"}],"author":[{"embeddable":true,"href":"https:\/\/ispcelli-cha.infd.edu.ar\/sitio\/wp-json\/wp\/v2\/users\/1"}],"replies":[{"embeddable":true,"href":"https:\/\/ispcelli-cha.infd.edu.ar\/sitio\/wp-json\/wp\/v2\/comments?post=644"}],"version-history":[{"count":9,"href":"https:\/\/ispcelli-cha.infd.edu.ar\/sitio\/wp-json\/wp\/v2\/pages\/644\/revisions"}],"predecessor-version":[{"id":1929,"href":"https:\/\/ispcelli-cha.infd.edu.ar\/sitio\/wp-json\/wp\/v2\/pages\/644\/revisions\/1929"}],"wp:attachment":[{"href":"https:\/\/ispcelli-cha.infd.edu.ar\/sitio\/wp-json\/wp\/v2\/media?parent=644"}],"curies":[{"name":"wp","href":"https:\/\/api.w.org\/{rel}","templated":true}]}}