{"id":783,"date":"2018-08-30T13:39:32","date_gmt":"2018-08-30T16:39:32","guid":{"rendered":"https:\/\/ispcelli-cha.infd.edu.ar\/sitio\/eleccion-de-rectores\/"},"modified":"2021-07-05T11:44:32","modified_gmt":"2021-07-05T14:44:32","slug":"correlativas-resoluciones","status":"publish","type":"page","link":"https:\/\/ispcelli-cha.infd.edu.ar\/sitio\/correlativas-resoluciones\/","title":{"rendered":"Correlativas. Inicial"},"content":{"rendered":"<p><span style=\"color: #ff6600;\"><strong>CORRELATIVIDADES<\/strong><\/span><\/p>\n<p>El alumno deber\u00e1 cumplir, para el cursado y acreditaci\u00f3n de las unidades curriculares, con el R\u00e9gimen de Correlatividades establecido en los dise\u00f1os o en norma complementaria al plan de estudios correspondiente.<\/p>\n<p>La acreditaci\u00f3n de una unidad curricular sin correlatividad aprobada quedar\u00e1 autom\u00e1ticamente anulada hasta se constate la finalizaci\u00f3n del proceso propuesto. (<strong>REGLAMENTO ACAD\u00c9MICO MARCO \u2013 R.A.M.\u00a0<\/strong><b>DE LOS INSTITUTOS DE EDUCACI\u00d3N\u00a0SUPERIOR DE LA PROVINCIA DEL CHACO)\u00a0<\/b><\/p>\n<p><span style=\"color: #ff6600;\"><strong>Si desea descargar el\u00a0 R\u00e9gimen de Correlatividades vigente haga clic en el siguiente enlace:<\/strong><\/span><\/p>\n<div  class=\"lgc-column lgc-grid-parent lgc-grid-50 lgc-tablet-grid-50 lgc-mobile-grid-100 lgc-equal-heights \"><div  class=\"inside-grid-column\"><a href=\"https:\/\/ispcelli-cha.infd.edu.ar\/sitio\/wp-content\/uploads\/2020\/03\/RES.-2035-16-Corre-Inicial-1.pdf\"><img decoding=\"async\" loading=\"lazy\" class=\"wp-image-2114 alignleft\" src=\"https:\/\/ispcelli-cha.infd.edu.ar\/sitio\/wp-content\/uploads\/2021\/05\/descarga2.png\" alt=\"\" width=\"76\" height=\"76\" srcset=\"https:\/\/ispcelli-cha.infd.edu.ar\/sitio\/wp-content\/uploads\/2021\/05\/descarga2.png 512w, https:\/\/ispcelli-cha.infd.edu.ar\/sitio\/wp-content\/uploads\/2021\/05\/descarga2-500x500.png 500w\" sizes=\"(max-width: 76px) 100vw, 76px\" \/><strong>RES. 2035-16 Corre Inicial (1)<\/strong><\/a>&#8211;\u00a0<strong>PLAN NUEVO<\/strong>\n<p><\/p><\/div><\/div>\n<div  class=\"lgc-column lgc-grid-parent lgc-grid-50 lgc-tablet-grid-50 lgc-mobile-grid-100 lgc-equal-heights \"><div  class=\"inside-grid-column\"><a href=\"https:\/\/ispcelli-cha.infd.edu.ar\/sitio\/wp-content\/uploads\/2021\/07\/RES-05528-14-INICIAL-PLAN-VIEJO.pdf\"><img decoding=\"async\" loading=\"lazy\" class=\"wp-image-2116 alignleft\" src=\"https:\/\/ispcelli-cha.infd.edu.ar\/sitio\/wp-content\/uploads\/2021\/05\/descarga-e1619998793589.png\" alt=\"\" width=\"76\" height=\"76\" \/><\/a><a href=\"https:\/\/ispcelli-cha.infd.edu.ar\/sitio\/wp-content\/uploads\/2021\/07\/RES-05528-14-INICIAL-PLAN-VIEJO.pdf\"><strong>RES-05528-14-INICIAL PLAN VIEJO<\/strong><\/a>\n<p><\/p><\/div><\/div>\n<hr \/>\n<p style=\"text-align: center;\"><strong><a href=\"https:\/\/ispcelli-cha.infd.edu.ar\/sitio\/wp-content\/uploads\/2020\/03\/RES.-2035-16-Corre-Inicial-1.pdf\"><img decoding=\"async\" loading=\"lazy\" class=\"wp-image-2114 alignnone\" src=\"https:\/\/ispcelli-cha.infd.edu.ar\/sitio\/wp-content\/uploads\/2021\/05\/descarga2.png\" alt=\"\" width=\"76\" height=\"76\" srcset=\"https:\/\/ispcelli-cha.infd.edu.ar\/sitio\/wp-content\/uploads\/2021\/05\/descarga2.png 512w, https:\/\/ispcelli-cha.infd.edu.ar\/sitio\/wp-content\/uploads\/2021\/05\/descarga2-500x500.png 500w\" sizes=\"(max-width: 76px) 100vw, 76px\" \/><\/a><a href=\"https:\/\/ispcelli-cha.infd.edu.ar\/sitio\/wp-content\/uploads\/2021\/07\/RES-859-17-Correcci\u00f3n-de-Correlativas-INICIAL.pdf\">RES-859-17-Correcci\u00f3n de Correlativas-INICIAL<\/a><\/strong><\/p>\n<p>&nbsp;<\/p>\n","protected":false},"excerpt":{"rendered":"<p>CORRELATIVIDADES El alumno deber\u00e1 cumplir, para el cursado y acreditaci\u00f3n de las unidades curriculares, con el R\u00e9gimen de Correlatividades establecido en los dise\u00f1os o en norma complementaria al plan de estudios correspondiente. La acreditaci\u00f3n de una unidad curricular sin correlatividad aprobada quedar\u00e1 autom\u00e1ticamente anulada hasta se constate la finalizaci\u00f3n del proceso propuesto. (REGLAMENTO ACAD\u00c9MICO MARCO &#8230; <a title=\"Correlativas. Inicial\" class=\"read-more\" href=\"https:\/\/ispcelli-cha.infd.edu.ar\/sitio\/correlativas-resoluciones\/\" aria-label=\"More on Correlativas. Inicial\">[+]<\/a><\/p>\n","protected":false},"author":195,"featured_media":0,"parent":0,"menu_order":0,"comment_status":"closed","ping_status":"closed","template":"","meta":[],"acf":[],"_links":{"self":[{"href":"https:\/\/ispcelli-cha.infd.edu.ar\/sitio\/wp-json\/wp\/v2\/pages\/783"}],"collection":[{"href":"https:\/\/ispcelli-cha.infd.edu.ar\/sitio\/wp-json\/wp\/v2\/pages"}],"about":[{"href":"https:\/\/ispcelli-cha.infd.edu.ar\/sitio\/wp-json\/wp\/v2\/types\/page"}],"author":[{"embeddable":true,"href":"https:\/\/ispcelli-cha.infd.edu.ar\/sitio\/wp-json\/wp\/v2\/users\/195"}],"replies":[{"embeddable":true,"href":"https:\/\/ispcelli-cha.infd.edu.ar\/sitio\/wp-json\/wp\/v2\/comments?post=783"}],"version-history":[{"count":11,"href":"https:\/\/ispcelli-cha.infd.edu.ar\/sitio\/wp-json\/wp\/v2\/pages\/783\/revisions"}],"predecessor-version":[{"id":2249,"href":"https:\/\/ispcelli-cha.infd.edu.ar\/sitio\/wp-json\/wp\/v2\/pages\/783\/revisions\/2249"}],"wp:attachment":[{"href":"https:\/\/ispcelli-cha.infd.edu.ar\/sitio\/wp-json\/wp\/v2\/media?parent=783"}],"curies":[{"name":"wp","href":"https:\/\/api.w.org\/{rel}","templated":true}]}}