{"id":793,"date":"2018-08-30T13:39:36","date_gmt":"2018-08-30T16:39:36","guid":{"rendered":"https:\/\/ispcelli-cha.infd.edu.ar\/sitio\/profesorado-para-la-educacion-secundaria-en-geografia\/"},"modified":"2021-05-26T12:30:37","modified_gmt":"2021-05-26T15:30:37","slug":"profesorado-para-la-educacion-secundaria-en-geografia","status":"publish","type":"page","link":"https:\/\/ispcelli-cha.infd.edu.ar\/sitio\/profesorado-para-la-educacion-secundaria-en-geografia\/","title":{"rendered":"Profesorado para la Educaci\u00f3n Secundaria en Geograf\u00eda."},"content":{"rendered":"<h3 style=\"text-align: center;\"><span style=\"color: #ff6600;\"><strong>Presentaci\u00f3n de los Profesores de 1\u00b0 y 2\u00b0 a\u00f1o- Geograf\u00eda.<\/strong><\/span><\/h3>\n<p><iframe loading=\"lazy\" title=\"Plantel Docente Geografia1\u00b0 y 2\u00b0- IES\" width=\"1200\" height=\"675\" src=\"https:\/\/www.youtube.com\/embed\/emJnJgl-EnA?feature=oembed\" frameborder=\"0\" allow=\"accelerometer; autoplay; clipboard-write; encrypted-media; gyroscope; picture-in-picture\" allowfullscreen><\/iframe><\/p>\n<hr \/>\n<h3 style=\"text-align: center;\"><span style=\"color: #ff6600;\"><strong>Presentaci\u00f3n de los Profesores de 3\u00b0 y 4\u00b0 a\u00f1o &#8211; Geograf\u00eda.<\/strong><\/span><\/h3>\n<p><iframe loading=\"lazy\" title=\"Plantel Docente Geograf\u00eda 3\u00b0 y 4\u00b0 IES\" width=\"1200\" height=\"675\" src=\"https:\/\/www.youtube.com\/embed\/8P2e70b_PL8?feature=oembed\" frameborder=\"0\" allow=\"accelerometer; autoplay; clipboard-write; encrypted-media; gyroscope; picture-in-picture\" allowfullscreen><\/iframe><\/p>\n<p>&nbsp;<\/p>\n<h3><span style=\"color: #0000ff;\"><strong><em>\u00bfPorqu\u00e9 estudiar el profesorado de Geograf\u00eda?\u00a0<\/em><\/strong><\/span><\/h3>\n<p><strong>FUNDAMENTACI\u00d3N PEDAG\u00d3GICA DE LA PROPUESTA CURRICULAR.<img decoding=\"async\" loading=\"lazy\" class=\"wp-image-2140 alignright\" src=\"https:\/\/ispcelli-cha.infd.edu.ar\/sitio\/wp-content\/uploads\/2021\/05\/grupo-da-escola-para-o-projeto-112009253.jpg\" alt=\"\" width=\"161\" height=\"117\" \/><\/strong><\/p>\n<p>La evoluci\u00f3n del pensamiento geogr\u00e1fico ha conducido a nuevos enfoques de la Ciencia\u00a0Geogr\u00e1fica. Ahora el centro de inter\u00e9s es el hombre y sus problemas, defini\u00e9ndose as\u00ed la <strong>naturaleza social de la Geograf\u00eda.\u00a0<\/strong>Incorpora a la Historia y las dem\u00e1s Ciencias Sociales como elementos claves para encontrar explicaciones que permitan comprender a la realidad y luego poder operar sobre ella.\u00a0Nuestra Ciencia propone un an\u00e1lisis integrador, multicausal, bajo m\u00faltiples racionalidades; <strong>al espacio geogr\u00e1fico se lo concibe como un producto social.<\/strong> El aspecto hist\u00f3rico, el origen de los fen\u00f3menos, resulta indispensable para entender cualquier situaci\u00f3n espacial.<\/p>\n<p><strong>Hoy la Geograf\u00eda es la ciencia que estudia las relaciones entre la Sociedad y la Naturaleza y c\u00f3mo esa Sociedad organiza el espacio terrestre. <\/strong><\/p>\n<p><strong><img decoding=\"async\" loading=\"lazy\" class=\"wp-image-2141 alignleft\" src=\"https:\/\/ispcelli-cha.infd.edu.ar\/sitio\/wp-content\/uploads\/2021\/05\/curiosidades_del_mundo-geo.jpg\" alt=\"\" width=\"249\" height=\"142\" \/>El objeto de estudio actual de la Geograf\u00eda es el Espacio Geogr\u00e1fico, producto de la interrelaci\u00f3n entre Sociedad-Naturaleza<\/strong>. Esta relaci\u00f3n se construye hist\u00f3ricamente y se va modificando en forma permanente. Los grupos humanos y sociedades modifican y controlan el proceso de organizaci\u00f3n territorial: es el Hombre el organizador del espacio; se habla de un espacio social en el que los grupos humanos viven y transforman, a trav\u00e9s de sus actividades, una intrincada red de relaciones, interacciones y combinaciones entre los fen\u00f3menos f\u00edsico-naturales y los econ\u00f3micos, sociales y pol\u00edticos.\u00a0\u00a0Naturaleza y Sociedad deben entenderse como elementos articulados permanentemente, y son las leyes sociales las que sobre construyen a las naturales.<\/p>\n<p>La Geograf\u00eda, pues, intenta comprender el mundo real y sus transformaciones espaciales, estando atenta a las interrelaciones existentes entre la Naturaleza y la Cultura en sus expresiones actuales.<\/p>\n","protected":false},"excerpt":{"rendered":"<p>Presentaci\u00f3n de los Profesores de 1\u00b0 y 2\u00b0 a\u00f1o- Geograf\u00eda. Presentaci\u00f3n de los Profesores de 3\u00b0 y 4\u00b0 a\u00f1o &#8211; Geograf\u00eda. &nbsp; \u00bfPorqu\u00e9 estudiar el profesorado de Geograf\u00eda?\u00a0 FUNDAMENTACI\u00d3N PEDAG\u00d3GICA DE LA PROPUESTA CURRICULAR. La evoluci\u00f3n del pensamiento geogr\u00e1fico ha conducido a nuevos enfoques de la Ciencia\u00a0Geogr\u00e1fica. Ahora el centro de inter\u00e9s es el hombre &#8230; <a title=\"Profesorado para la Educaci\u00f3n Secundaria en Geograf\u00eda.\" class=\"read-more\" href=\"https:\/\/ispcelli-cha.infd.edu.ar\/sitio\/profesorado-para-la-educacion-secundaria-en-geografia\/\" aria-label=\"More on Profesorado para la Educaci\u00f3n Secundaria en Geograf\u00eda.\">[+]<\/a><\/p>\n","protected":false},"author":195,"featured_media":0,"parent":0,"menu_order":0,"comment_status":"closed","ping_status":"closed","template":"","meta":[],"acf":[],"_links":{"self":[{"href":"https:\/\/ispcelli-cha.infd.edu.ar\/sitio\/wp-json\/wp\/v2\/pages\/793"}],"collection":[{"href":"https:\/\/ispcelli-cha.infd.edu.ar\/sitio\/wp-json\/wp\/v2\/pages"}],"about":[{"href":"https:\/\/ispcelli-cha.infd.edu.ar\/sitio\/wp-json\/wp\/v2\/types\/page"}],"author":[{"embeddable":true,"href":"https:\/\/ispcelli-cha.infd.edu.ar\/sitio\/wp-json\/wp\/v2\/users\/195"}],"replies":[{"embeddable":true,"href":"https:\/\/ispcelli-cha.infd.edu.ar\/sitio\/wp-json\/wp\/v2\/comments?post=793"}],"version-history":[{"count":21,"href":"https:\/\/ispcelli-cha.infd.edu.ar\/sitio\/wp-json\/wp\/v2\/pages\/793\/revisions"}],"predecessor-version":[{"id":2144,"href":"https:\/\/ispcelli-cha.infd.edu.ar\/sitio\/wp-json\/wp\/v2\/pages\/793\/revisions\/2144"}],"wp:attachment":[{"href":"https:\/\/ispcelli-cha.infd.edu.ar\/sitio\/wp-json\/wp\/v2\/media?parent=793"}],"curies":[{"name":"wp","href":"https:\/\/api.w.org\/{rel}","templated":true}]}}