{"id":803,"date":"2018-08-30T13:39:39","date_gmt":"2018-08-30T16:39:39","guid":{"rendered":"https:\/\/ispcelli-cha.infd.edu.ar\/sitio\/plan-de-estudios\/"},"modified":"2020-03-28T21:07:31","modified_gmt":"2020-03-29T00:07:31","slug":"plan-de-estudios","status":"publish","type":"page","link":"https:\/\/ispcelli-cha.infd.edu.ar\/sitio\/plan-de-estudios\/","title":{"rendered":"Plan de estudios. L y L."},"content":{"rendered":"<p><strong>DENOMINACI\u00d3N DE LA CARRERA: Profesorado para la Educaci\u00f3n Secundaria en Lengua y Literatura.\u00a0<\/strong><\/p>\n<p><b>T\u00cdTULO<\/b><strong>\u00a0A OTORGAR:\u00a0Profesor\/a de Educaci\u00f3n Secundaria en\u00a0Lengua y Literatura.\u00a0<\/strong><\/p>\n<p><strong>ALCANCES DEL T\u00cdTULO<\/strong><br \/>\nLos egresados est\u00e1n habilitados para el ejercicio de la docencia para la educaci\u00f3n<br \/>\nsecundaria. Reconocimiento acad\u00e9mico del t\u00edtulo de grado para continuar estudios de<br \/>\npos titulaciones.<\/p>\n<p><strong>CARGA HORARIA TOTAL: 4080 HORAS C\u00c1TEDRAS, 2720 HORAS RELOJ<\/strong><\/p>\n<p><strong>CONDICIONES DE ACCESO: <\/strong>Poseer t\u00edtulo de nivel medio para acceder a estudios<br \/>\nconducentes a titulaciones docentes. Excepcionalmente, los mayores de 25 a\u00f1os que<br \/>\nno re\u00fanan esa condici\u00f3n, podr\u00e1n ingresar seg\u00fan lo establecido por el Art N\u00b0 7 de la<br \/>\nLey de Educaci\u00f3n Superior N\u00b0 24521.<\/p>\n<p><strong>DURACI\u00d3N\u00a0DE LA CARRERA EN A\u00d1OS\u00a0ACAD\u00c9MICOS: 4 a\u00f1os<\/strong><\/p>\n<p><span style=\"color: #ff0000;\">Descargar el Plan de Estudios en el siguiente enlace:<\/span><\/p>\n<p><a href=\"https:\/\/ispcelli-cha.infd.edu.ar\/sitio\/wp-content\/uploads\/2020\/03\/PLAN-DE-ESTUDIO-PROF.-LENGUA..pdf\">PLAN DE ESTUDIO &#8211; PROF. LENGUA.<\/a><\/p>\n<p><span style=\"color: #ff0000;\">Si desea Descargar el dise\u00f1o curricular de la carrera haga clic en el siguiente enlace:<\/span><\/p>\n<p><a href=\"https:\/\/ispcelli-cha.infd.edu.ar\/sitio\/wp-content\/uploads\/2020\/03\/DC-LENGUA-FINAL.pdf\">DC LENGUA FINAL<\/a><\/p>\n","protected":false},"excerpt":{"rendered":"<p>DENOMINACI\u00d3N DE LA CARRERA: Profesorado para la Educaci\u00f3n Secundaria en Lengua y Literatura.\u00a0 T\u00cdTULO\u00a0A OTORGAR:\u00a0Profesor\/a de Educaci\u00f3n Secundaria en\u00a0Lengua y Literatura.\u00a0 ALCANCES DEL T\u00cdTULO Los egresados est\u00e1n habilitados para el ejercicio de la docencia para la educaci\u00f3n secundaria. Reconocimiento acad\u00e9mico del t\u00edtulo de grado para continuar estudios de pos titulaciones. CARGA HORARIA TOTAL: 4080 HORAS &#8230; <a title=\"Plan de estudios. L y L.\" class=\"read-more\" href=\"https:\/\/ispcelli-cha.infd.edu.ar\/sitio\/plan-de-estudios\/\" aria-label=\"More on Plan de estudios. L y L.\">[+]<\/a><\/p>\n","protected":false},"author":195,"featured_media":0,"parent":0,"menu_order":0,"comment_status":"closed","ping_status":"closed","template":"","meta":[],"acf":[],"_links":{"self":[{"href":"https:\/\/ispcelli-cha.infd.edu.ar\/sitio\/wp-json\/wp\/v2\/pages\/803"}],"collection":[{"href":"https:\/\/ispcelli-cha.infd.edu.ar\/sitio\/wp-json\/wp\/v2\/pages"}],"about":[{"href":"https:\/\/ispcelli-cha.infd.edu.ar\/sitio\/wp-json\/wp\/v2\/types\/page"}],"author":[{"embeddable":true,"href":"https:\/\/ispcelli-cha.infd.edu.ar\/sitio\/wp-json\/wp\/v2\/users\/195"}],"replies":[{"embeddable":true,"href":"https:\/\/ispcelli-cha.infd.edu.ar\/sitio\/wp-json\/wp\/v2\/comments?post=803"}],"version-history":[{"count":7,"href":"https:\/\/ispcelli-cha.infd.edu.ar\/sitio\/wp-json\/wp\/v2\/pages\/803\/revisions"}],"predecessor-version":[{"id":2530,"href":"https:\/\/ispcelli-cha.infd.edu.ar\/sitio\/wp-json\/wp\/v2\/pages\/803\/revisions\/2530"}],"wp:attachment":[{"href":"https:\/\/ispcelli-cha.infd.edu.ar\/sitio\/wp-json\/wp\/v2\/media?parent=803"}],"curies":[{"name":"wp","href":"https:\/\/api.w.org\/{rel}","templated":true}]}}