{"id":820,"date":"2018-08-30T13:39:46","date_gmt":"2018-08-30T16:39:46","guid":{"rendered":"https:\/\/ispcelli-cha.infd.edu.ar\/sitio\/requisitos-para-inscripcion\/"},"modified":"2026-03-03T18:19:30","modified_gmt":"2026-03-03T21:19:30","slug":"requisitos-para-inscripcion","status":"publish","type":"page","link":"https:\/\/ispcelli-cha.infd.edu.ar\/sitio\/requisitos-para-inscripcion\/","title":{"rendered":"Requisitos para Inscripci\u00f3n. Documentaci\u00f3n a presentar"},"content":{"rendered":"<h2 style=\"text-align: center;\"><strong style=\"background-color: #00ccff; font-size: 12pt;\">\u00a0INSCRIPCIONES CICLO LECTIVO 2026.\u00a0<\/strong><\/h2>\n<h2 style=\"text-align: center;\"><span style=\"color: #ff6600;\"><img decoding=\"async\" loading=\"lazy\" class=\"wp-image-2278 alignright\" src=\"https:\/\/ispcelli-cha.infd.edu.ar\/sitio\/wp-content\/uploads\/2021\/09\/InscripcionAbierta-1.jpg\" alt=\"\" width=\"146\" height=\"131\" \/><\/span><\/h2>\n<p><strong><span style=\"color: #ff0000;\">\u00a1ATENCI\u00d3N ESTUDIANTES!<\/span>\u00a0 la Inscripci\u00f3n se realizar\u00e1 en forma Online\u00a0<\/strong><\/p>\n<p><strong>Presentaci\u00f3n de Documentaci\u00f3n: de Lunes\u00a0 a Viernes- de 16,00hs a 19,00hs, desde el Lunes 09\/03 al 31\/03<\/strong><\/p>\n<p>Para completar la inscripci\u00f3n\u00a0 en las carreras de formaci\u00f3n docente, se deber\u00e1 presentar\u00a0 la siguiente documentaci\u00f3n en un folio tama\u00f1o oficio.<\/p>\n<div  class=\"lgc-column lgc-grid-parent lgc-grid-50 lgc-tablet-grid-50 lgc-mobile-grid-50 lgc-equal-heights \"><div  class=\"inside-grid-column\">\n<h6><span style=\"color: #800080;\"><strong>PASO 1<\/strong>:<\/span> Completar el formulario de Inscripci\u00f3n On Line.<\/h6>\n<p><\/p><\/div><\/div>\n<div  class=\"lgc-column lgc-grid-parent lgc-grid-50 lgc-tablet-grid-50 lgc-mobile-grid-50 lgc-equal-heights \"><div  class=\"inside-grid-column\">\n<h6><span style=\"color: #800080;\"><strong>PASO 2:<\/strong><\/span> Entrega de Documentaci\u00f3n \u00a0en el Establecimiento.<\/h6>\n<p><\/p><\/div><\/div>\n<p><strong><span style=\"color: #800080;\">DOCUMENTACI\u00d3N A PRESENTAR<\/span>:<img decoding=\"async\" loading=\"lazy\" class=\"wp-image-1699 alignright\" src=\"https:\/\/ispcelli-cha.infd.edu.ar\/sitio\/wp-content\/uploads\/2020\/06\/images.jpeg\" alt=\"\" width=\"89\" height=\"89\" \/><\/strong><\/p>\n<div><b><i><u><\/u><\/i><\/b><\/p>\n<div><b><i>1- FOTOCOPIA DE T\u00cdTULO SECUNDARIO O CONSTANCIA DE T\u00cdTULO EN TRAMITE (Se puede adeudar hasta 2 (dos materias)<\/i><\/b><\/div>\n<div><b><i>2- FOTOCOPIA DE DNI<\/i><\/b><\/div>\n<div><b><i>3- CERTIFICADO DE DOMICILIO<\/i><\/b><\/div>\n<div><b><i>4- CERTIFICADO DE APTITUD PSICOFISICA (No de Buena salud) OTORGADO POR ORGANISMOS DE SALUD PUBLICA (HOSPITALES &#8211; CENTROS DE SALUD)<\/i><\/b><\/div>\n<div><b><i>5- 2 FOTOS CARNET<\/i><\/b><\/div>\n<div><b><i>6- CONSTANCIA DE CUIL<\/i><\/b><\/div>\n<div><b><i>7- FOLIO TAMA\u00d1O OFICIO<\/i><\/b><\/div>\n<div><em><strong>8-LIBRETA DEL ESTUDIANTE ED. SUPERIOR<\/strong><\/em><\/div>\n<div><em><strong>9-CERTIFICADO DE ANTECEDENTES PENALES.<\/strong><\/em><\/div>\n<div><em><strong>10-APORTE VOLUNTARIO COOPERADORA<\/strong><\/em><\/div>\n<div><b>MAYORES DE 25 A\u00d1OS QUE NO HAYAN FINALIZADO SUS ESTUDIOS SECUNDARIOS, DEBER\u00c1N PRESENTAR NOTA SOLICITANDO INGRESO<\/b><\/div>\n<\/div>\n<p><strong>\u00a0 \u00a0 \u00a0<\/strong><strong>\u00a0\u00a0<\/strong><strong>\u00a1Atenci\u00f3n! No se inscribir\u00e1 sin el legajo completo.<\/strong><\/p>\n<h2 style=\"text-align: center;\"><span style=\"color: #ff6600;\">Inscripci\u00f3n a cursar las Unidades Curriculares<\/span><\/h2>\n<h2 style=\"text-align: center;\"><\/h2>\n<p><span style=\"color: #000000;\"><strong>En el Link de cada Profesorado encontrar\u00e1n los formularios de Inscripci\u00f3n\u00a0.<\/strong><\/span><\/p>\n<div  class=\"lgc-column lgc-grid-parent lgc-grid-33 lgc-tablet-grid-33 lgc-mobile-grid-33 lgc-equal-heights \"><div  class=\"inside-grid-column\">\n<p><strong><img decoding=\"async\" loading=\"lazy\" class=\"alignleft\" src=\"https:\/\/ispcelli-cha.infd.edu.ar\/sitio\/wp-content\/uploads\/2018\/08\/icono4-e1590363936576.jpg\" width=\"50\" height=\"49\" \/><br \/>\nPROF.GEOGRAF\u00cdA<\/strong><\/p><\/div><\/div>\n<div  class=\"lgc-column lgc-grid-parent lgc-grid-33 lgc-tablet-grid-33 lgc-mobile-grid-33 lgc-equal-heights \"><div  class=\"inside-grid-column\">\n<p><strong><a href=\"https:\/\/ispcelli-cha.infd.edu.ar\/sitio\/wp-content\/uploads\/2020\/10\/PROFESORADO-HISTORIA-EXAMENES-FINALES.pdf\"><img decoding=\"async\" loading=\"lazy\" class=\"\" src=\"https:\/\/ispcelli-cha.infd.edu.ar\/sitio\/wp-content\/uploads\/2018\/08\/icono4-e1590363936576.jpg\" width=\"50\" height=\"49\" \/><\/a>PROF.LENGUA Y LITERATURA<\/strong><\/p>\n<p><\/p><\/div><\/div>\n<div  class=\"lgc-column lgc-grid-parent lgc-grid-33 lgc-tablet-grid-33 lgc-mobile-grid-33 lgc-equal-heights \"><div  class=\"inside-grid-column\">\n<p><a style=\"font-weight: bold;\" href=\"https:\/\/ispcelli-cha.infd.edu.ar\/sitio\/wp-content\/uploads\/2020\/10\/PROFESORADO-HISTORIA-EXAMENES-FINALES.pdf\"><img decoding=\"async\" loading=\"lazy\" class=\"\" src=\"https:\/\/ispcelli-cha.infd.edu.ar\/sitio\/wp-content\/uploads\/2018\/08\/icono4-e1590363936576.jpg\" width=\"50\" height=\"49\" \/><\/a><strong>PROF.MATEM\u00c1TICA<\/strong><\/p>\n<p><\/p><\/div><\/div>\n<div  class=\"lgc-column lgc-grid-parent lgc-grid-33 lgc-tablet-grid-33 lgc-mobile-grid-33 lgc-equal-heights \"><div  class=\"inside-grid-column\">\n<p><strong><a href=\"https:\/\/ispcelli-cha.infd.edu.ar\/sitio\/wp-content\/uploads\/2020\/10\/PROFESORADO-HISTORIA-EXAMENES-FINALES.pdf\"><img decoding=\"async\" loading=\"lazy\" class=\"\" src=\"https:\/\/ispcelli-cha.infd.edu.ar\/sitio\/wp-content\/uploads\/2018\/08\/icono4-e1590363936576.jpg\" width=\"50\" height=\"49\" \/><\/a>PROF.HISTORIA<\/strong><\/p>\n<p><\/p><\/div><\/div>\n<div  class=\"lgc-column lgc-grid-parent lgc-grid-33 lgc-tablet-grid-33 lgc-mobile-grid-33 lgc-equal-heights \"><div  class=\"inside-grid-column\">\n<p><strong><a href=\"https:\/\/ispcelli-cha.infd.edu.ar\/sitio\/wp-content\/uploads\/2020\/10\/PROFESORADO-HISTORIA-EXAMENES-FINALES.pdf\"><img decoding=\"async\" loading=\"lazy\" class=\"\" src=\"https:\/\/ispcelli-cha.infd.edu.ar\/sitio\/wp-content\/uploads\/2018\/08\/icono4-e1590363936576.jpg\" width=\"50\" height=\"49\" \/><\/a>ISLA DEL CERRITO- PRIMARIA<\/strong><\/p>\n<p><\/p><\/div><\/div>\n<div  class=\"lgc-column lgc-grid-parent lgc-grid-33 lgc-tablet-grid-33 lgc-mobile-grid-33 lgc-equal-heights \"><div  class=\"inside-grid-column\">\n<p><a style=\"font-weight: bold;\" href=\"https:\/\/ispcelli-cha.infd.edu.ar\/sitio\/wp-content\/uploads\/2020\/10\/PROFESORADO-HISTORIA-EXAMENES-FINALES.pdf\"><img decoding=\"async\" loading=\"lazy\" class=\"\" src=\"https:\/\/ispcelli-cha.infd.edu.ar\/sitio\/wp-content\/uploads\/2018\/08\/icono4-e1590363936576.jpg\" width=\"50\" height=\"49\" \/><\/a><strong>\u00a0PRIMARIA-SELVAS del R\u00cdO de ORO<\/strong><\/p>\n<div  class=\"lgc-column lgc-grid-parent lgc-grid-33 lgc-tablet-grid-33 lgc-mobile-grid-33 lgc-equal-heights \"><div  class=\"inside-grid-column\"><\/div><\/div>\n<p><b><strong><a href=\"https:\/\/ispcelli-cha.infd.edu.ar\/sitio\/wp-content\/uploads\/2020\/10\/PROFESORADO-HISTORIA-EXAMENES-FINALES.pdf\"><img decoding=\"async\" loading=\"lazy\" class=\"alignleft\" src=\"https:\/\/ispcelli-cha.infd.edu.ar\/sitio\/wp-content\/uploads\/2018\/08\/icono4-e1590363936576.jpg\" width=\"47\" height=\"46\" \/><\/a>PRIMARIA- LAS PALMAS<\/strong><\/b><\/p>\n<p><\/p><\/div><\/div>\n<div  class=\"lgc-column lgc-grid-parent lgc-grid-33 lgc-tablet-grid-33 lgc-mobile-grid-33 lgc-equal-heights \"><div  class=\"inside-grid-column\">\n<p><strong><a href=\"https:\/\/ispcelli-cha.infd.edu.ar\/sitio\/wp-content\/uploads\/2020\/10\/PROFESORADO-HISTORIA-EXAMENES-FINALES.pdf\"><img decoding=\"async\" loading=\"lazy\" class=\"\" src=\"https:\/\/ispcelli-cha.infd.edu.ar\/sitio\/wp-content\/uploads\/2018\/08\/icono4-e1590363936576.jpg\" width=\"50\" height=\"49\" \/><\/a>ISLA DEL CERRITO-INICIAL<\/strong><\/p>\n<p><\/p><\/div><\/div>\n<div  class=\"lgc-column lgc-grid-parent lgc-grid-33 lgc-tablet-grid-33 lgc-mobile-grid-33 lgc-equal-heights \"><div  class=\"inside-grid-column\">\n<p><strong><a href=\"https:\/\/ispcelli-cha.infd.edu.ar\/sitio\/wp-content\/uploads\/2020\/10\/PROFESORADO-HISTORIA-EXAMENES-FINALES.pdf\"><img decoding=\"async\" loading=\"lazy\" class=\"\" src=\"https:\/\/ispcelli-cha.infd.edu.ar\/sitio\/wp-content\/uploads\/2018\/08\/icono4-e1590363936576.jpg\" width=\"50\" height=\"49\" \/><\/a>INICIAL &#8211; LAS PALMAS<\/strong><\/p>\n<p><\/p><\/div><\/div>\n<div  class=\"lgc-column lgc-grid-parent lgc-grid-33 lgc-tablet-grid-33 lgc-mobile-grid-33 lgc-equal-heights \"><div  class=\"inside-grid-column\">\n<p><a style=\"font-weight: bold;\" href=\"https:\/\/ispcelli-cha.infd.edu.ar\/sitio\/wp-content\/uploads\/2020\/10\/PROFESORADO-HISTORIA-EXAMENES-FINALES.pdf\"><img decoding=\"async\" loading=\"lazy\" class=\"\" src=\"https:\/\/ispcelli-cha.infd.edu.ar\/sitio\/wp-content\/uploads\/2018\/08\/icono4-e1590363936576.jpg\" width=\"50\" height=\"49\" \/><\/a><strong>INICIAL- SELVAS DEL R\u00cdO DE ORO<\/strong><\/p>\n<p><\/p><\/div><\/div>\n<div  class=\"lgc-column lgc-grid-parent lgc-grid-33 lgc-tablet-grid-33 lgc-mobile-grid-33 lgc-equal-heights \"><div  class=\"inside-grid-column\">\n<p><a style=\"font-weight: bold;\" href=\"https:\/\/ispcelli-cha.infd.edu.ar\/sitio\/wp-content\/uploads\/2020\/10\/PROFESORADO-HISTORIA-EXAMENES-FINALES.pdf\"><img decoding=\"async\" loading=\"lazy\" class=\"\" src=\"https:\/\/ispcelli-cha.infd.edu.ar\/sitio\/wp-content\/uploads\/2018\/08\/icono4-e1590363936576.jpg\" width=\"50\" height=\"49\" \/><\/a><strong>ISLA DEL CERRITO- PROF.EDUCACI\u00d3N ESPECIAL<\/strong><\/p>\n<p><\/p><\/div><\/div>\n","protected":false},"excerpt":{"rendered":"<p>\u00a0INSCRIPCIONES CICLO LECTIVO 2026.\u00a0 \u00a1ATENCI\u00d3N ESTUDIANTES!\u00a0 la Inscripci\u00f3n se realizar\u00e1 en forma Online\u00a0 Presentaci\u00f3n de Documentaci\u00f3n: de Lunes\u00a0 a Viernes- de 16,00hs a 19,00hs, desde el Lunes 09\/03 al 31\/03 Para completar la inscripci\u00f3n\u00a0 en las carreras de formaci\u00f3n docente, se deber\u00e1 presentar\u00a0 la siguiente documentaci\u00f3n en un folio tama\u00f1o oficio. DOCUMENTACI\u00d3N A PRESENTAR: 1- &#8230; <a title=\"Requisitos para Inscripci\u00f3n. Documentaci\u00f3n a presentar\" class=\"read-more\" href=\"https:\/\/ispcelli-cha.infd.edu.ar\/sitio\/requisitos-para-inscripcion\/\" aria-label=\"More on Requisitos para Inscripci\u00f3n. Documentaci\u00f3n a presentar\">[+]<\/a><\/p>\n","protected":false},"author":195,"featured_media":0,"parent":0,"menu_order":0,"comment_status":"closed","ping_status":"closed","template":"","meta":[],"acf":[],"_links":{"self":[{"href":"https:\/\/ispcelli-cha.infd.edu.ar\/sitio\/wp-json\/wp\/v2\/pages\/820"}],"collection":[{"href":"https:\/\/ispcelli-cha.infd.edu.ar\/sitio\/wp-json\/wp\/v2\/pages"}],"about":[{"href":"https:\/\/ispcelli-cha.infd.edu.ar\/sitio\/wp-json\/wp\/v2\/types\/page"}],"author":[{"embeddable":true,"href":"https:\/\/ispcelli-cha.infd.edu.ar\/sitio\/wp-json\/wp\/v2\/users\/195"}],"replies":[{"embeddable":true,"href":"https:\/\/ispcelli-cha.infd.edu.ar\/sitio\/wp-json\/wp\/v2\/comments?post=820"}],"version-history":[{"count":16,"href":"https:\/\/ispcelli-cha.infd.edu.ar\/sitio\/wp-json\/wp\/v2\/pages\/820\/revisions"}],"predecessor-version":[{"id":3990,"href":"https:\/\/ispcelli-cha.infd.edu.ar\/sitio\/wp-json\/wp\/v2\/pages\/820\/revisions\/3990"}],"wp:attachment":[{"href":"https:\/\/ispcelli-cha.infd.edu.ar\/sitio\/wp-json\/wp\/v2\/media?parent=820"}],"curies":[{"name":"wp","href":"https:\/\/api.w.org\/{rel}","templated":true}]}}