{"id":822,"date":"2018-08-30T13:39:47","date_gmt":"2018-08-30T16:39:47","guid":{"rendered":"https:\/\/ispcelli-cha.infd.edu.ar\/sitio\/correlatividades\/"},"modified":"2020-05-29T22:03:34","modified_gmt":"2020-05-30T01:03:34","slug":"correlatividades","status":"publish","type":"page","link":"https:\/\/ispcelli-cha.infd.edu.ar\/sitio\/correlatividades\/","title":{"rendered":"Correlatividades. Matem\u00e1tica"},"content":{"rendered":"<p><strong>CORRELATIVIDADES<\/strong><\/p>\n<p>El alumno deber\u00e1 cumplir, para el cursado y acreditaci\u00f3n de las unidades curriculares, con el R\u00e9gimen de Correlatividades establecido en los dise\u00f1os o en norma complementaria al plan de estudios correspondiente.<\/p>\n<p>La acreditaci\u00f3n de una unidad curricular sin correlatividad aprobada quedar\u00e1 autom\u00e1ticamente anulada hasta se constate la finalizaci\u00f3n del proceso propuesto. (<strong>REGLAMENTO ACAD\u00c9MICO MARCO \u2013 R.A.M.\u00a0<\/strong><b>DE LOS INSTITUTOS DE EDUCACI\u00d3N\u00a0SUPERIOR DE LA PROVINCIA DEL CHACO)\u00a0<\/b><\/p>\n<p><strong>\u00a0Si desea descargar el\u00a0 R\u00e9gimen de Correlatividades vigente haga clic en el siguiente enlace:<\/strong><\/p>\n<p><a href=\"https:\/\/ispcelli-cha.infd.edu.ar\/sitio\/wp-content\/uploads\/2020\/05\/CORRELATIVAS-PLAN-NUEVO-RES-2032.pdf\" target=\"_blank\" rel=\"noopener\">CORRELATIVAS PLAN NUEVO RES 2032 -16<\/a><\/p>\n<p>&nbsp;<\/p>\n<p>&nbsp;<\/p>\n<p>&nbsp;<\/p>\n","protected":false},"excerpt":{"rendered":"<p>CORRELATIVIDADES El alumno deber\u00e1 cumplir, para el cursado y acreditaci\u00f3n de las unidades curriculares, con el R\u00e9gimen de Correlatividades establecido en los dise\u00f1os o en norma complementaria al plan de estudios correspondiente. La acreditaci\u00f3n de una unidad curricular sin correlatividad aprobada quedar\u00e1 autom\u00e1ticamente anulada hasta se constate la finalizaci\u00f3n del proceso propuesto. (REGLAMENTO ACAD\u00c9MICO MARCO &#8230; <a title=\"Correlatividades. Matem\u00e1tica\" class=\"read-more\" href=\"https:\/\/ispcelli-cha.infd.edu.ar\/sitio\/correlatividades\/\" aria-label=\"More on Correlatividades. Matem\u00e1tica\">[+]<\/a><\/p>\n","protected":false},"author":195,"featured_media":0,"parent":0,"menu_order":0,"comment_status":"closed","ping_status":"closed","template":"","meta":[],"acf":[],"_links":{"self":[{"href":"https:\/\/ispcelli-cha.infd.edu.ar\/sitio\/wp-json\/wp\/v2\/pages\/822"}],"collection":[{"href":"https:\/\/ispcelli-cha.infd.edu.ar\/sitio\/wp-json\/wp\/v2\/pages"}],"about":[{"href":"https:\/\/ispcelli-cha.infd.edu.ar\/sitio\/wp-json\/wp\/v2\/types\/page"}],"author":[{"embeddable":true,"href":"https:\/\/ispcelli-cha.infd.edu.ar\/sitio\/wp-json\/wp\/v2\/users\/195"}],"replies":[{"embeddable":true,"href":"https:\/\/ispcelli-cha.infd.edu.ar\/sitio\/wp-json\/wp\/v2\/comments?post=822"}],"version-history":[{"count":9,"href":"https:\/\/ispcelli-cha.infd.edu.ar\/sitio\/wp-json\/wp\/v2\/pages\/822\/revisions"}],"predecessor-version":[{"id":1615,"href":"https:\/\/ispcelli-cha.infd.edu.ar\/sitio\/wp-json\/wp\/v2\/pages\/822\/revisions\/1615"}],"wp:attachment":[{"href":"https:\/\/ispcelli-cha.infd.edu.ar\/sitio\/wp-json\/wp\/v2\/media?parent=822"}],"curies":[{"name":"wp","href":"https:\/\/api.w.org\/{rel}","templated":true}]}}