{"id":824,"date":"2018-08-30T13:39:47","date_gmt":"2018-08-30T16:39:47","guid":{"rendered":"https:\/\/ispcelli-cha.infd.edu.ar\/sitio\/constancias\/"},"modified":"2023-03-29T14:45:29","modified_gmt":"2023-03-29T17:45:29","slug":"constancias","status":"publish","type":"page","link":"https:\/\/ispcelli-cha.infd.edu.ar\/sitio\/constancias\/","title":{"rendered":"Constancias."},"content":{"rendered":"<h5><span style=\"color: #000080;\"><strong>Constancias de ALUMNO REGULAR<\/strong><\/span><br \/>\n&#x27a1;&#xfe0f; S\u00f3lo a Estudiantes de 2do a 4to a\u00f1o, previa constataci\u00f3n de la situaci\u00f3n Acad\u00e9mica.<br \/>\nLas solicitudes de dichas Constancias, se deben realizar, de manera presencial en el instituto, en la planilla habilitada para tal efecto&#x203c;&#xfe0f;<br \/>\n&#x27a1;&#xfe0f; A los Estudiantes Ingresantes 2023, s\u00f3lo se puede emitir, Constancia de Inscripci\u00f3n, hasta el 31 de marzo una vez iniciado el Taller, se podr\u00e1 extender la Constancia de Alumno Regular, a los que asistan efectivamente&#x203c;&#xfe0f;<\/h5>\n<p><span style=\"font-family: verdana, geneva; font-size: 12pt;\">\u00a0<\/span><\/p>\n<h4 style=\"text-align: center;\"><strong style=\"font-family: verdana, geneva; font-size: 12pt;\">Contacto:\u00a0<\/strong><a href=\"mailto:iesdantecelli@gmail.com\" target=\"_blank\" rel=\"noopener\">iesdantecelli@gmail.com<\/a><\/h4>\n","protected":false},"excerpt":{"rendered":"<p>Constancias de ALUMNO REGULAR &#x27a1;&#xfe0f; S\u00f3lo a Estudiantes de 2do a 4to a\u00f1o, previa constataci\u00f3n de la situaci\u00f3n Acad\u00e9mica. Las solicitudes de dichas Constancias, se deben realizar, de manera presencial en el instituto, en la planilla habilitada para tal efecto&#x203c;&#xfe0f; &#x27a1;&#xfe0f; A los Estudiantes Ingresantes 2023, s\u00f3lo se puede emitir, Constancia de Inscripci\u00f3n, hasta el &#8230; <a title=\"Constancias.\" class=\"read-more\" href=\"https:\/\/ispcelli-cha.infd.edu.ar\/sitio\/constancias\/\" aria-label=\"More on Constancias.\">[+]<\/a><\/p>\n","protected":false},"author":195,"featured_media":0,"parent":0,"menu_order":0,"comment_status":"closed","ping_status":"closed","template":"","meta":[],"acf":[],"_links":{"self":[{"href":"https:\/\/ispcelli-cha.infd.edu.ar\/sitio\/wp-json\/wp\/v2\/pages\/824"}],"collection":[{"href":"https:\/\/ispcelli-cha.infd.edu.ar\/sitio\/wp-json\/wp\/v2\/pages"}],"about":[{"href":"https:\/\/ispcelli-cha.infd.edu.ar\/sitio\/wp-json\/wp\/v2\/types\/page"}],"author":[{"embeddable":true,"href":"https:\/\/ispcelli-cha.infd.edu.ar\/sitio\/wp-json\/wp\/v2\/users\/195"}],"replies":[{"embeddable":true,"href":"https:\/\/ispcelli-cha.infd.edu.ar\/sitio\/wp-json\/wp\/v2\/comments?post=824"}],"version-history":[{"count":10,"href":"https:\/\/ispcelli-cha.infd.edu.ar\/sitio\/wp-json\/wp\/v2\/pages\/824\/revisions"}],"predecessor-version":[{"id":2883,"href":"https:\/\/ispcelli-cha.infd.edu.ar\/sitio\/wp-json\/wp\/v2\/pages\/824\/revisions\/2883"}],"wp:attachment":[{"href":"https:\/\/ispcelli-cha.infd.edu.ar\/sitio\/wp-json\/wp\/v2\/media?parent=824"}],"curies":[{"name":"wp","href":"https:\/\/api.w.org\/{rel}","templated":true}]}}