{"id":826,"date":"2018-08-30T13:39:48","date_gmt":"2018-08-30T16:39:48","guid":{"rendered":"https:\/\/ispcelli-cha.infd.edu.ar\/sitio\/plan-de-estudio\/"},"modified":"2020-05-30T15:49:14","modified_gmt":"2020-05-30T18:49:14","slug":"plan-de-estudio","status":"publish","type":"page","link":"https:\/\/ispcelli-cha.infd.edu.ar\/sitio\/plan-de-estudio\/","title":{"rendered":"Plan de Estudio."},"content":{"rendered":"<div>\n<p><span style=\"color: #800000;\"><strong>DENOMINACI\u00d3N DE LA CARRERA: Profesorado para la Educaci\u00f3n Secundaria en Matem\u00e1tica<\/strong><\/span><\/p>\n<p><span style=\"color: #800000;\"><b>T\u00cdTULO<\/b><\/span><strong><span style=\"color: #800000;\">\u00a0A OTORGAR:<\/span>\u00a0Profesor\/a de Educaci\u00f3n Secundaria en Matem\u00e1tica<\/strong><\/p>\n<p style=\"text-align: left;\"><span style=\"color: #800000;\"><strong>ALCANCES DEL T\u00cdTULO:<\/strong><\/span><\/p>\n<p style=\"text-align: left; padding-left: 60px;\">Los egresados est\u00e1n habilitados para el ejercicio de la docencia para la educaci\u00f3n secundaria. Reconocimiento acad\u00e9mico del t\u00edtulo de grado para continuar estudios de pos titulaciones.<\/p>\n<p><span style=\"color: #800000;\"><strong>CARGA HORARIA TOTAL:<\/strong><\/span> 4032 HORAS C\u00c1TEDRAS, 2688 HORAS RELOJ.<\/p>\n<p><strong><span style=\"color: #800000;\">CONDICIONES DE ACCESO:<\/span><\/strong><\/p>\n<p style=\"padding-left: 60px;\">Poseer t\u00edtulo de nivel medio para acceder a estudios conducentes a titulaciones docentes. Excepcionalmente, los mayores de 25 a\u00f1os que no reunan esa condici\u00f3n, podr\u00e1n ingresar seg\u00fan lo establecido por el Art N\u00b0 7 de la Ley de Educaci\u00f3n Superior N\u00b0 24521.<\/p>\n<p><strong><span style=\"color: #800000;\">DURACI\u00d3N\u00a0DE LA CARRERA EN A\u00d1OS\u00a0ACAD\u00c9MICOS:<\/span> 4 a\u00f1os<\/strong><\/p>\n<div  class=\"lgc-column lgc-grid-parent lgc-grid-50 lgc-tablet-grid-50 lgc-mobile-grid-100 lgc-equal-heights \"><div  class=\"inside-grid-column\">\n<p>&nbsp;<\/p>\n<p style=\"text-align: center;\"><strong><span style=\"color: #800000;\">PLAN DE ESTUDIOS &#8211; MATEM\u00c1TICA (Plan Nuevo)<\/span><\/strong><\/p>\n<p style=\"text-align: center;\"><a href=\"https:\/\/ispcelli-cha.infd.edu.ar\/sitio\/wp-content\/uploads\/2020\/03\/PLAN-DE-ESTUDIO-PROF.-MATEMATICA.pdf\">PLAN DE ESTUDIO (Plan Nuevo) &#8211; PROF. &#8211; MATEM\u00c1TICA<\/a><\/p>\n<p><em><\/em><\/p><\/div><\/div><\/em><\/p>\n<div  class=\"lgc-column lgc-grid-parent lgc-grid-50 lgc-tablet-grid-50 lgc-mobile-grid-100 lgc-equal-heights \"><div  class=\"inside-grid-column\">\n<p>&nbsp;<\/p>\n<p style=\"text-align: center;\"><strong><span style=\"color: #800000;\">DISE\u00d1O CURRICULAR PLAN NUEVO &#8211; MATEM\u00c1TICA<\/span><\/strong><\/p>\n<\/div>\n<p style=\"text-align: center;\"><em><a href=\"https:\/\/ispcelli-cha.infd.edu.ar\/sitio\/wp-content\/uploads\/2020\/03\/DC-MATEM\u00c1TICA-2015-1.pdf\">DC-MATEM\u00c1TICA 2015 (1)<\/a><\/em><\/p>\n<p><em><\/em><\/p><\/div>\u00a0 \u00a0<\/em><\/p>\n","protected":false},"excerpt":{"rendered":"<p>DENOMINACI\u00d3N DE LA CARRERA: Profesorado para la Educaci\u00f3n Secundaria en Matem\u00e1tica T\u00cdTULO\u00a0A OTORGAR:\u00a0Profesor\/a de Educaci\u00f3n Secundaria en Matem\u00e1tica ALCANCES DEL T\u00cdTULO: Los egresados est\u00e1n habilitados para el ejercicio de la docencia para la educaci\u00f3n secundaria. Reconocimiento acad\u00e9mico del t\u00edtulo de grado para continuar estudios de pos titulaciones. CARGA HORARIA TOTAL: 4032 HORAS C\u00c1TEDRAS, 2688 HORAS &#8230; <a title=\"Plan de Estudio.\" class=\"read-more\" href=\"https:\/\/ispcelli-cha.infd.edu.ar\/sitio\/plan-de-estudio\/\" aria-label=\"More on Plan de Estudio.\">[+]<\/a><\/p>\n","protected":false},"author":195,"featured_media":0,"parent":0,"menu_order":0,"comment_status":"closed","ping_status":"closed","template":"","meta":[],"acf":[],"_links":{"self":[{"href":"https:\/\/ispcelli-cha.infd.edu.ar\/sitio\/wp-json\/wp\/v2\/pages\/826"}],"collection":[{"href":"https:\/\/ispcelli-cha.infd.edu.ar\/sitio\/wp-json\/wp\/v2\/pages"}],"about":[{"href":"https:\/\/ispcelli-cha.infd.edu.ar\/sitio\/wp-json\/wp\/v2\/types\/page"}],"author":[{"embeddable":true,"href":"https:\/\/ispcelli-cha.infd.edu.ar\/sitio\/wp-json\/wp\/v2\/users\/195"}],"replies":[{"embeddable":true,"href":"https:\/\/ispcelli-cha.infd.edu.ar\/sitio\/wp-json\/wp\/v2\/comments?post=826"}],"version-history":[{"count":10,"href":"https:\/\/ispcelli-cha.infd.edu.ar\/sitio\/wp-json\/wp\/v2\/pages\/826\/revisions"}],"predecessor-version":[{"id":1631,"href":"https:\/\/ispcelli-cha.infd.edu.ar\/sitio\/wp-json\/wp\/v2\/pages\/826\/revisions\/1631"}],"wp:attachment":[{"href":"https:\/\/ispcelli-cha.infd.edu.ar\/sitio\/wp-json\/wp\/v2\/media?parent=826"}],"curies":[{"name":"wp","href":"https:\/\/api.w.org\/{rel}","templated":true}]}}