{"id":828,"date":"2018-08-30T13:39:49","date_gmt":"2018-08-30T16:39:49","guid":{"rendered":"https:\/\/ispcelli-cha.infd.edu.ar\/sitio\/horarios\/"},"modified":"2020-03-31T17:08:07","modified_gmt":"2020-03-31T20:08:07","slug":"pases","status":"publish","type":"page","link":"https:\/\/ispcelli-cha.infd.edu.ar\/sitio\/pases\/","title":{"rendered":"TR\u00c1MITE DE PASES"},"content":{"rendered":"<p><em><strong><img decoding=\"async\" loading=\"lazy\" class=\"size-full wp-image-720 alignleft\" src=\"https:\/\/ispcelli-cha.infd.edu.ar\/sitio\/wp-content\/uploads\/2018\/08\/icono_a.jpg\" alt=\"\" width=\"68\" height=\"69\" \/><\/strong><\/em><\/p>\n<p>&nbsp;<\/p>\n<p>Los alumnos que se encuentren cursando una carrera en cualquiera de los Institutos de Educaci\u00f3n Superior de la provincia del Chaco y hayan aprobado al menos el 30% de la misma, podr\u00e1n solicitar el pase a otra instituci\u00f3n de la misma jurisdicci\u00f3n, seg\u00fan el procedimiento administrativo que se acordar\u00e1 con la Direcci\u00f3n de T\u00edtulos y Equivalencias en norma complementaria a la presente.\u00a0<strong>(REGLAMENTO ACAD\u00c9MICO MARCO \u2013 R.A.M.\u00a0<\/strong><b>DE LOS INSTITUTOS DE EDUCACI\u00d3N\u00a0SUPERIOR DE LA PROVINCIA DEL CHACO)<\/b><\/p>\n<p>Se considerar\u00e1n pasibles de pases s\u00f3lo aquellas carreras que posean dise\u00f1os curriculares elaborados y aprobados bajo las condiciones establecidas en la Res. CFE N\u00ba 24\/07.<\/p>\n<p><em><strong>Pasos y consideraciones para solicitar el pase de un Instituto de Educaci\u00f3n Superior a otro: <\/strong>Para descargar el Procedimiento para el Otorgamiento de Pases en el Nivel Superior\u00a0<\/em><em><strong>haga clic aqu\u00ed\u00a0\u00a0<\/strong><\/em><a href=\"https:\/\/ispcelli-cha.infd.edu.ar\/sitio\/wp-content\/uploads\/2020\/03\/RESOLUCION-02147-16-SOLICITUD-DE-PASES.pdf\">\u00a0RESOLUCI\u00d3N-02147-16 SOLICITUD DE PASES<\/a><\/p>\n","protected":false},"excerpt":{"rendered":"<p>&nbsp; Los alumnos que se encuentren cursando una carrera en cualquiera de los Institutos de Educaci\u00f3n Superior de la provincia del Chaco y hayan aprobado al menos el 30% de la misma, podr\u00e1n solicitar el pase a otra instituci\u00f3n de la misma jurisdicci\u00f3n, seg\u00fan el procedimiento administrativo que se acordar\u00e1 con la Direcci\u00f3n de T\u00edtulos &#8230; <a title=\"TR\u00c1MITE DE PASES\" class=\"read-more\" href=\"https:\/\/ispcelli-cha.infd.edu.ar\/sitio\/pases\/\" aria-label=\"More on TR\u00c1MITE DE PASES\">[+]<\/a><\/p>\n","protected":false},"author":195,"featured_media":0,"parent":0,"menu_order":0,"comment_status":"closed","ping_status":"closed","template":"","meta":[],"acf":[],"_links":{"self":[{"href":"https:\/\/ispcelli-cha.infd.edu.ar\/sitio\/wp-json\/wp\/v2\/pages\/828"}],"collection":[{"href":"https:\/\/ispcelli-cha.infd.edu.ar\/sitio\/wp-json\/wp\/v2\/pages"}],"about":[{"href":"https:\/\/ispcelli-cha.infd.edu.ar\/sitio\/wp-json\/wp\/v2\/types\/page"}],"author":[{"embeddable":true,"href":"https:\/\/ispcelli-cha.infd.edu.ar\/sitio\/wp-json\/wp\/v2\/users\/195"}],"replies":[{"embeddable":true,"href":"https:\/\/ispcelli-cha.infd.edu.ar\/sitio\/wp-json\/wp\/v2\/comments?post=828"}],"version-history":[{"count":9,"href":"https:\/\/ispcelli-cha.infd.edu.ar\/sitio\/wp-json\/wp\/v2\/pages\/828\/revisions"}],"predecessor-version":[{"id":1184,"href":"https:\/\/ispcelli-cha.infd.edu.ar\/sitio\/wp-json\/wp\/v2\/pages\/828\/revisions\/1184"}],"wp:attachment":[{"href":"https:\/\/ispcelli-cha.infd.edu.ar\/sitio\/wp-json\/wp\/v2\/media?parent=828"}],"curies":[{"name":"wp","href":"https:\/\/api.w.org\/{rel}","templated":true}]}}