{"id":830,"date":"2018-08-30T13:39:49","date_gmt":"2018-08-30T16:39:49","guid":{"rendered":"https:\/\/ispcelli-cha.infd.edu.ar\/sitio\/horarios-2\/"},"modified":"2020-05-23T22:36:22","modified_gmt":"2020-05-24T01:36:22","slug":"historia-institucional","status":"publish","type":"page","link":"https:\/\/ispcelli-cha.infd.edu.ar\/sitio\/historia-institucional\/","title":{"rendered":"Historia Institucional"},"content":{"rendered":"<p style=\"text-align: center;\">El\u00a0<strong>\u00a0Instituto de Educaci\u00f3n\u00a0Superior\u00a0 \u201cPadre Dante Dar\u00edo Celli\u201d<\/strong>\u00a0Forma parte del sistema de Educaci\u00f3n P\u00fablica de Gesti\u00f3n Estatal. Surge en el a\u00f1o\u00a0<em><strong>1984<\/strong><\/em>,\u00a0<em><strong>por resoluci\u00f3n 417\/84\u00a0<\/strong><\/em>respondiendo a una fuerte demanda de la sociedad.<\/p>\n<p>&nbsp;<\/p>\n<div style=\"width: 400px;\" class=\"wp-video\"><!--[if lt IE 9]><script>document.createElement('video');<\/script><![endif]-->\n<video class=\"wp-video-shortcode\" id=\"video-830-1\" width=\"400\" height=\"224\" preload=\"metadata\" controls=\"controls\"><source type=\"video\/mp4\" src=\"https:\/\/ispcelli-cha.infd.edu.ar\/sitio\/wp-content\/uploads\/2020\/05\/76015494_1371537849694162_7101200370591858688_n_001.mp4?_=1\" \/><a href=\"https:\/\/ispcelli-cha.infd.edu.ar\/sitio\/wp-content\/uploads\/2020\/05\/76015494_1371537849694162_7101200370591858688_n_001.mp4\">https:\/\/ispcelli-cha.infd.edu.ar\/sitio\/wp-content\/uploads\/2020\/05\/76015494_1371537849694162_7101200370591858688_n_001.mp4<\/a><\/video><\/div>\n<p><!--more--><\/p>\n","protected":false},"excerpt":{"rendered":"<p>El\u00a0\u00a0Instituto de Educaci\u00f3n\u00a0Superior\u00a0 \u201cPadre Dante Dar\u00edo Celli\u201d\u00a0Forma parte del sistema de Educaci\u00f3n P\u00fablica de Gesti\u00f3n Estatal. Surge en el a\u00f1o\u00a01984,\u00a0por resoluci\u00f3n 417\/84\u00a0respondiendo a una fuerte demanda de la sociedad. &nbsp;<\/p>\n","protected":false},"author":195,"featured_media":0,"parent":0,"menu_order":0,"comment_status":"closed","ping_status":"closed","template":"","meta":[],"acf":[],"_links":{"self":[{"href":"https:\/\/ispcelli-cha.infd.edu.ar\/sitio\/wp-json\/wp\/v2\/pages\/830"}],"collection":[{"href":"https:\/\/ispcelli-cha.infd.edu.ar\/sitio\/wp-json\/wp\/v2\/pages"}],"about":[{"href":"https:\/\/ispcelli-cha.infd.edu.ar\/sitio\/wp-json\/wp\/v2\/types\/page"}],"author":[{"embeddable":true,"href":"https:\/\/ispcelli-cha.infd.edu.ar\/sitio\/wp-json\/wp\/v2\/users\/195"}],"replies":[{"embeddable":true,"href":"https:\/\/ispcelli-cha.infd.edu.ar\/sitio\/wp-json\/wp\/v2\/comments?post=830"}],"version-history":[{"count":6,"href":"https:\/\/ispcelli-cha.infd.edu.ar\/sitio\/wp-json\/wp\/v2\/pages\/830\/revisions"}],"predecessor-version":[{"id":1400,"href":"https:\/\/ispcelli-cha.infd.edu.ar\/sitio\/wp-json\/wp\/v2\/pages\/830\/revisions\/1400"}],"wp:attachment":[{"href":"https:\/\/ispcelli-cha.infd.edu.ar\/sitio\/wp-json\/wp\/v2\/media?parent=830"}],"curies":[{"name":"wp","href":"https:\/\/api.w.org\/{rel}","templated":true}]}}