{"id":832,"date":"2018-08-30T13:39:50","date_gmt":"2018-08-30T16:39:50","guid":{"rendered":"https:\/\/ispcelli-cha.infd.edu.ar\/sitio\/estructura-curricular\/"},"modified":"2026-04-19T23:30:21","modified_gmt":"2026-04-20T02:30:21","slug":"equivalen","status":"publish","type":"page","link":"https:\/\/ispcelli-cha.infd.edu.ar\/sitio\/equivalen\/","title":{"rendered":"EQUIVALENCIAS."},"content":{"rendered":"<p>Los alumnos provenientes de otras Instituciones de Educaci\u00f3n Superior o Universidades, sean estas nacionales o provinciales, de gesti\u00f3n estatal o gesti\u00f3n privada, podr\u00e1n solicitar equivalencias de todas las unidades curriculares que consideren similares a las que ya tengan acreditadas, salvo aquellas que pertenecen al campo de la formaci\u00f3n en la pr\u00e1ctica profesional.<\/p>\n<pre style=\"text-align: center;\"><span style=\"color: #ff6600;\"><strong>Podr\u00e1n otorgarse dos tipos de equivalencias:<\/strong><\/span><\/pre>\n<div  class=\"lgc-column lgc-grid-parent lgc-grid-50 lgc-tablet-grid-50 lgc-mobile-grid-50 lgc-equal-heights \"><div  class=\"inside-grid-column\">\n<h5><strong><img decoding=\"async\" loading=\"lazy\" class=\"alignnone wp-image-720\" src=\"https:\/\/ispcelli-cha.infd.edu.ar\/sitio\/wp-content\/uploads\/2018\/08\/icono_a.jpg\" alt=\"\" width=\"30\" height=\"31\" \/><span style=\"color: #000080;\">E<\/span><\/strong><span style=\"color: #000080;\"><strong>QUIVALENCIA TOTAL<\/strong><\/span>: es el resultado de la acci\u00f3n administrativo-acad\u00e9mica consistente en dar por aprobada una unidad curricular, luego de constatar que sus contenidos m\u00ednimos, que podr\u00eda fluctuar entre 70 a 100% se asemejan a los de otra\/s \u00a0materia\/s aprobadas en otro plan de estudios.<\/h5>\n<p><\/p><\/div><\/div>\n<div  class=\"lgc-column lgc-grid-parent lgc-grid-50 lgc-tablet-grid-50 lgc-mobile-grid-50 lgc-equal-heights \"><div  class=\"inside-grid-column\">\n<h5><strong><img decoding=\"async\" loading=\"lazy\" class=\"alignnone wp-image-720\" src=\"https:\/\/ispcelli-cha.infd.edu.ar\/sitio\/wp-content\/uploads\/2018\/08\/icono_a.jpg\" alt=\"\" width=\"30\" height=\"31\" \/><span style=\"color: #000080;\">EQUIVALENCIA PARCIAL<\/span><\/strong>: es el resultado de la acci\u00f3n administrativo-acad\u00e9mica que considera que las diferencias de contenido u orientaci\u00f3n entre las unidades curriculares son significativas. Cada Instituci\u00f3n, en su RAI, determinar\u00e1 la metodolog\u00eda que implementar\u00e1 para que el alumno logre cumplir con los contenidos necesarios para acreditar la unidad curricular, a trav\u00e9s de ex\u00e1menes finales complementarios o trayectos de actualizaci\u00f3n de saberes que aseguren la complementariedad de los contenidos.<\/h5>\n<p><\/p><\/div><\/div>\n<ul>\n<li>En caso de notific\u00e1rsele el otorgamiento de equivalencia parcial, podr\u00e1 optar por continuar con el cursado de la unidad o realizar la complementariedad que establezca la Instituci\u00f3n. Dejar\u00e1 plasmada dicha decisi\u00f3n en medio escrito que se archivar\u00e1n en su legajo.<\/li>\n<li><strong>58<\/strong>.- Para el otorgamiento de equivalencias se tendr\u00e1 en cuenta s\u00f3lo las U.C que el estudiante tenga aprobadas en la carrera de origen.<\/li>\n<li><strong>62.- No se otorgar\u00e1 equivalencia, cuando entre las unidades curriculares objeto del pedido haya diferencias en relaci\u00f3n al sujeto para el cual se forma. Tampoco ser\u00e1 objeto de otorgamiento los espacios del campo de la pr\u00e1ctica profesional cuando difiera el nivel y disciplina para el cual se forma.<\/strong><\/li>\n<li><strong>63<\/strong>.- Mientras no se resuelva definitivamente el tr\u00e1mite sobre las equivalencias solicitadas, el estudiante no podr\u00e1 rendir unidades curriculares que requieran como correlativas las que se encuentran en tr\u00e1mite.<\/li>\n<li><strong>64<\/strong>.- En caso de Equivalencia total, se consignar\u00e1 la leyenda \u201cAprobado por equivalencia total Disposici\u00f3n N\u00b0 000\/00 \u2013 RIES XX\u201d (Rector\u00eda del Instituto de Educaci\u00f3n Superior \u201cnombre del Instituto\u201d) y la fecha en que se otorg\u00f3 la equivalencia.<\/li>\n<li><strong style=\"font-size: revert;\">65<\/strong><span style=\"font-size: revert;\">.- En caso de Equivalencia parcial, se colocar\u00e1 la calificaci\u00f3n de acreditaci\u00f3n resultante del proceso complementario que cada Instituci\u00f3n haya elegido con la fecha que correspondiere a su finalizaci\u00f3n.<\/span><\/li>\n<li><strong>66.- Para el otorgamiento de la equivalencia en una unidad curricular, la fecha de aprobaci\u00f3n de la misma no podr\u00e1 superar los 8 (ocho) a\u00f1os si se tratase de carreras incompletas. Cuando las unidades curriculares aprobadas provengan de carreras completas, dicho plazo se extender\u00e1 a 15 (quince) a\u00f1os.<\/strong><\/li>\n<li><strong>68.-<\/strong> El alumno que solicite equivalencias, podr\u00e1 cursar la Unidad Curricular cuya aprobaci\u00f3n solicita, hasta tanto se le confirme fehacientemente el resultado de lo solicitado.<\/li>\n<\/ul>\n<p>Para iniciar el tr\u00e1mite de solicitud de reconocimiento de unidades curriculares por Equivalencias, el alumno deber\u00e1 cumplimentar\u00a0 con la siguiente documentaci\u00f3n, <u>debidamente certificada por la Instituci\u00f3n de origen\u00a0<\/u><\/p>\n<p><img decoding=\"async\" loading=\"lazy\" class=\"wp-image-2159 alignleft\" src=\"https:\/\/ispcelli-cha.infd.edu.ar\/sitio\/wp-content\/uploads\/2021\/05\/icono-de-inscripci\u00f3n-.jpg\" alt=\"\" width=\"66\" height=\"73\" \/><\/p>\n<h5><strong><a href=\"https:\/\/ispcelli-cha.infd.edu.ar\/sitio\/wp-content\/uploads\/2026\/04\/Condiciones-para-solicitar-equivalencias.-2026-1.docx\">Condiciones para solicitar equivalencias. 2026<\/a><\/strong><\/h5>\n<h5><span style=\"color: #ff0000;\"><span style=\"color: #ff0000;\"><b>\u00a0<\/b><\/span><\/span><\/h5>\n<p><img decoding=\"async\" loading=\"lazy\" class=\"wp-image-2159 alignleft\" src=\"https:\/\/ispcelli-cha.infd.edu.ar\/sitio\/wp-content\/uploads\/2021\/05\/icono-de-inscripci\u00f3n-.jpg\" alt=\"\" width=\"66\" height=\"73\" \/><\/p>\n<h5><a href=\"https:\/\/forms.gle\/a54c44vyPAjhTAjA8\">Formulario de Solicitud Equivalencias 2026.<\/a><\/h5>\n<h5><img decoding=\"async\" loading=\"lazy\" class=\"wp-image-2159 alignleft\" src=\"https:\/\/ispcelli-cha.infd.edu.ar\/sitio\/wp-content\/uploads\/2021\/05\/icono-de-inscripci\u00f3n-.jpg\" alt=\"\" width=\"66\" height=\"73\" \/><a href=\"https:\/\/ispcelli-cha.infd.edu.ar\/sitio\/wp-content\/uploads\/2026\/04\/Procedimiento-para-el-Otorgamiento-de-Pases-en-el-Nivel-Superior.pdf\">Procedimiento para el Otorgamiento de Pases en el Nivel Superior<\/a>.<\/h5>\n<h2 style=\"text-align: center;\"><span style=\"color: #ff6600;\"><strong><u>Periodo de Solicitud de Equivalencias<\/u><\/strong><\/span><\/h2>\n<h2 style=\"text-align: center;\"><span style=\"color: #ff6600;\"><strong><u>\u00a0Desde el 20\/04\/26 al 08\/05\/26.<\/u><\/strong><\/span><\/h2>\n<h3><\/h3>\n","protected":false},"excerpt":{"rendered":"<p>Los alumnos provenientes de otras Instituciones de Educaci\u00f3n Superior o Universidades, sean estas nacionales o provinciales, de gesti\u00f3n estatal o gesti\u00f3n privada, podr\u00e1n solicitar equivalencias de todas las unidades curriculares que consideren similares a las que ya tengan acreditadas, salvo aquellas que pertenecen al campo de la formaci\u00f3n en la pr\u00e1ctica profesional. Podr\u00e1n otorgarse dos &#8230; <a title=\"EQUIVALENCIAS.\" class=\"read-more\" href=\"https:\/\/ispcelli-cha.infd.edu.ar\/sitio\/equivalen\/\" aria-label=\"More on EQUIVALENCIAS.\">[+]<\/a><\/p>\n","protected":false},"author":195,"featured_media":0,"parent":0,"menu_order":0,"comment_status":"closed","ping_status":"closed","template":"","meta":[],"acf":[],"_links":{"self":[{"href":"https:\/\/ispcelli-cha.infd.edu.ar\/sitio\/wp-json\/wp\/v2\/pages\/832"}],"collection":[{"href":"https:\/\/ispcelli-cha.infd.edu.ar\/sitio\/wp-json\/wp\/v2\/pages"}],"about":[{"href":"https:\/\/ispcelli-cha.infd.edu.ar\/sitio\/wp-json\/wp\/v2\/types\/page"}],"author":[{"embeddable":true,"href":"https:\/\/ispcelli-cha.infd.edu.ar\/sitio\/wp-json\/wp\/v2\/users\/195"}],"replies":[{"embeddable":true,"href":"https:\/\/ispcelli-cha.infd.edu.ar\/sitio\/wp-json\/wp\/v2\/comments?post=832"}],"version-history":[{"count":40,"href":"https:\/\/ispcelli-cha.infd.edu.ar\/sitio\/wp-json\/wp\/v2\/pages\/832\/revisions"}],"predecessor-version":[{"id":4134,"href":"https:\/\/ispcelli-cha.infd.edu.ar\/sitio\/wp-json\/wp\/v2\/pages\/832\/revisions\/4134"}],"wp:attachment":[{"href":"https:\/\/ispcelli-cha.infd.edu.ar\/sitio\/wp-json\/wp\/v2\/media?parent=832"}],"curies":[{"name":"wp","href":"https:\/\/api.w.org\/{rel}","templated":true}]}}